{"id":849,"date":"2025-03-12T18:51:11","date_gmt":"2025-03-12T21:51:11","guid":{"rendered":"https:\/\/www.siebenfamily.com\/front_page\/"},"modified":"2025-05-12T19:37:54","modified_gmt":"2025-05-12T22:37:54","slug":"front_page","status":"publish","type":"page","link":"https:\/\/ipespaulofreire.edu.ar\/web\/","title":{"rendered":"Inicio"},"content":{"rendered":"\n<div class=\"wp-block-group alignfull has-global-padding is-layout-constrained wp-container-core-group-is-layout-d89aad35 wp-block-group-is-layout-constrained\" style=\"margin-top:0;margin-bottom:0;padding-top:var(--wp--preset--spacing--50);padding-right:var(--wp--preset--spacing--50);padding-bottom:var(--wp--preset--spacing--50);padding-left:var(--wp--preset--spacing--50)\">\t\t<div class=\"wppsac-wrap wppsac-slick-slider-wrp wppsac-clearfix \" data-conf=\"{&quot;dots&quot;:&quot;true&quot;,&quot;arrows&quot;:&quot;true&quot;,&quot;autoplay&quot;:&quot;true&quot;,&quot;autoplay_interval&quot;:3000,&quot;speed&quot;:500,&quot;rtl&quot;:&quot;false&quot;,&quot;lazyload&quot;:&quot;&quot;}\">\r\n\t\t\t<div id=\"wppsac-post-slider-1\" class=\"wppsac-post-slider-init wppsac-post-slider design-1\">\r\n\t\t\t\t<div class=\"wppsac-post-slides\">\r\n\t<div class=\"wppsac-post-content-position\">\r\n\t\t<div class=\"wppsac-post-content-left wp-medium-8 wpcolumns\">\r\n\t\t\t\t\t\t<div class=\"wppsac-post-categories\"><\/div>\r\n\t\t\t\r\n\t\t\t<h2 class=\"wppsac-post-title\">\r\n\t\t\t\t<a href=\"https:\/\/ipespaulofreire.edu.ar\/web\/convocatoria-a-cobertura-de-hc-para-el-curso-introductorio-2026\/\">Convocatoria a cobertura de HC para el\u00a0Curso Introductorio 2026.<\/a>\r\n\t\t\t<\/h2>\r\n\r\n\t\t\t\t\t\t<div class=\"wppsac-post-content\">\r\n\t\t\t\t<div class=\"wppsac-sub-content\">Comunicado de convocatoria Abril 2026 Bases Cronograma Jurado<\/div>\r\n\t\t\t\t\r\n\t\t\t\t\t\t\t\t<a class=\"wppsac-readmorebtn\" href=\"https:\/\/ipespaulofreire.edu.ar\/web\/convocatoria-a-cobertura-de-hc-para-el-curso-introductorio-2026\/\">Ver...<\/a>\r\n\t\t\t\t\t\t\t<\/div>\r\n\t\t\t\t\t<\/div>\r\n\t\t<div class=\"wppsac-post-image-bg\">\r\n\t\t\t<a href=\"https:\/\/ipespaulofreire.edu.ar\/web\/convocatoria-a-cobertura-de-hc-para-el-curso-introductorio-2026\/\">\r\n\t\t\t\t\t\t\t<\/a>\r\n\t\t<\/div>\r\n\t<\/div>\r\n<\/div><div class=\"wppsac-post-slides\">\r\n\t<div class=\"wppsac-post-content-position\">\r\n\t\t<div class=\"wppsac-post-content-left wp-medium-8 wpcolumns\">\r\n\t\t\t\t\t\t<div class=\"wppsac-post-categories\"><\/div>\r\n\t\t\t\r\n\t\t\t<h2 class=\"wppsac-post-title\">\r\n\t\t\t\t<a href=\"https:\/\/ipespaulofreire.edu.ar\/web\/convocatoria-abril-2026\/\">CONVOCATORIA &#8211; Abril 2026<\/a>\r\n\t\t\t<\/h2>\r\n\r\n\t\t\t\t\t\t<div class=\"wppsac-post-content\">\r\n\t\t\t\t<div class=\"wppsac-sub-content\">Comunicado de la convocatoria Fe de Erratas: Comunicado<\/div>\r\n\t\t\t\t\r\n\t\t\t\t\t\t\t\t<a class=\"wppsac-readmorebtn\" href=\"https:\/\/ipespaulofreire.edu.ar\/web\/convocatoria-abril-2026\/\">Ver...<\/a>\r\n\t\t\t\t\t\t\t<\/div>\r\n\t\t\t\t\t<\/div>\r\n\t\t<div class=\"wppsac-post-image-bg\">\r\n\t\t\t<a href=\"https:\/\/ipespaulofreire.edu.ar\/web\/convocatoria-abril-2026\/\">\r\n\t\t\t\t\t\t\t\t<img decoding=\"async\" class=\"wppsac-post-image\"  src=\"https:\/\/ipespaulofreire.edu.ar\/web\/wp-content\/uploads\/2024\/10\/concursos_docentes.png\" alt=\"CONVOCATORIA &#8211; Abril 2026\" \/>\r\n\t\t\t\t\t\t\t<\/a>\r\n\t\t<\/div>\r\n\t<\/div>\r\n<\/div><div class=\"wppsac-post-slides\">\r\n\t<div class=\"wppsac-post-content-position\">\r\n\t\t<div class=\"wppsac-post-content-left wp-medium-8 wpcolumns\">\r\n\t\t\t\t\t\t<div class=\"wppsac-post-categories\"><\/div>\r\n\t\t\t\r\n\t\t\t<h2 class=\"wppsac-post-title\">\r\n\t\t\t\t<a href=\"https:\/\/ipespaulofreire.edu.ar\/web\/herramientas-del-teatro-para-fortalecer-la-accion-docente\/\">Herramientas del teatro para fortalecer la acci\u00f3n docente<\/a>\r\n\t\t\t<\/h2>\r\n\r\n\t\t\t\t\t\t<div class=\"wppsac-post-content\">\r\n\t\t\t\t<div class=\"wppsac-sub-content\"><\/div>\r\n\t\t\t\t\r\n\t\t\t\t\t\t\t\t<a class=\"wppsac-readmorebtn\" href=\"https:\/\/ipespaulofreire.edu.ar\/web\/herramientas-del-teatro-para-fortalecer-la-accion-docente\/\">Ver...<\/a>\r\n\t\t\t\t\t\t\t<\/div>\r\n\t\t\t\t\t<\/div>\r\n\t\t<div class=\"wppsac-post-image-bg\">\r\n\t\t\t<a href=\"https:\/\/ipespaulofreire.edu.ar\/web\/herramientas-del-teatro-para-fortalecer-la-accion-docente\/\">\r\n\t\t\t\t\t\t\t\t<img decoding=\"async\" class=\"wppsac-post-image\"  src=\"https:\/\/ipespaulofreire.edu.ar\/web\/wp-content\/uploads\/2026\/04\/WhatsApp-Image-2026-04-08-at-21.40.24.jpeg\" alt=\"Herramientas del teatro para fortalecer la acci\u00f3n docente\" \/>\r\n\t\t\t\t\t\t\t<\/a>\r\n\t\t<\/div>\r\n\t<\/div>\r\n<\/div><div class=\"wppsac-post-slides\">\r\n\t<div class=\"wppsac-post-content-position\">\r\n\t\t<div class=\"wppsac-post-content-left wp-medium-8 wpcolumns\">\r\n\t\t\t\t\t\t<div class=\"wppsac-post-categories\"><\/div>\r\n\t\t\t\r\n\t\t\t<h2 class=\"wppsac-post-title\">\r\n\t\t\t\t<a href=\"https:\/\/ipespaulofreire.edu.ar\/web\/convocatoria-3ra-convocatoria-de-cobertura-de-unidades-curriculares-por-art-66-res-med-no2765-15\/\">CONVOCATORIA \u2013 3ra convocatoria de cobertura de unidades curriculares, por art. 66\u00b0 Res. MED N\u00ba2765\/15<\/a>\r\n\t\t\t<\/h2>\r\n\r\n\t\t\t\t\t\t<div class=\"wppsac-post-content\">\r\n\t\t\t\t<div class=\"wppsac-sub-content\">3ra convocatoria de cobertura de unidades curriculares, por art. 66\u00b0 Res. MED N\u00ba2765\/15<\/div>\r\n\t\t\t\t\r\n\t\t\t\t\t\t\t\t<a class=\"wppsac-readmorebtn\" href=\"https:\/\/ipespaulofreire.edu.ar\/web\/convocatoria-3ra-convocatoria-de-cobertura-de-unidades-curriculares-por-art-66-res-med-no2765-15\/\">Ver...<\/a>\r\n\t\t\t\t\t\t\t<\/div>\r\n\t\t\t\t\t<\/div>\r\n\t\t<div class=\"wppsac-post-image-bg\">\r\n\t\t\t<a href=\"https:\/\/ipespaulofreire.edu.ar\/web\/convocatoria-3ra-convocatoria-de-cobertura-de-unidades-curriculares-por-art-66-res-med-no2765-15\/\">\r\n\t\t\t\t\t\t\t\t<img decoding=\"async\" class=\"wppsac-post-image\"  src=\"https:\/\/ipespaulofreire.edu.ar\/web\/wp-content\/uploads\/2024\/10\/concursos_docentes.png\" alt=\"CONVOCATORIA \u2013 3ra convocatoria de cobertura de unidades curriculares, por art. 66\u00b0 Res. MED N\u00ba2765\/15\" \/>\r\n\t\t\t\t\t\t\t<\/a>\r\n\t\t<\/div>\r\n\t<\/div>\r\n<\/div><div class=\"wppsac-post-slides\">\r\n\t<div class=\"wppsac-post-content-position\">\r\n\t\t<div class=\"wppsac-post-content-left wp-medium-8 wpcolumns\">\r\n\t\t\t\t\t\t<div class=\"wppsac-post-categories\"><\/div>\r\n\t\t\t\r\n\t\t\t<h2 class=\"wppsac-post-title\">\r\n\t\t\t\t<a href=\"https:\/\/ipespaulofreire.edu.ar\/web\/trayecto-formativo-ipes\/\">TRAYECTO FORMATIVO IPES<\/a>\r\n\t\t\t<\/h2>\r\n\r\n\t\t\t\t\t\t<div class=\"wppsac-post-content\">\r\n\t\t\t\t<div class=\"wppsac-sub-content\">Fortalecimiento de las Practicas de ense\u00f1anza en entornos virtuales de aprendizaje<\/div>\r\n\t\t\t\t\r\n\t\t\t\t\t\t\t\t<a class=\"wppsac-readmorebtn\" href=\"https:\/\/ipespaulofreire.edu.ar\/web\/trayecto-formativo-ipes\/\">Ver...<\/a>\r\n\t\t\t\t\t\t\t<\/div>\r\n\t\t\t\t\t<\/div>\r\n\t\t<div class=\"wppsac-post-image-bg\">\r\n\t\t\t<a href=\"https:\/\/ipespaulofreire.edu.ar\/web\/trayecto-formativo-ipes\/\">\r\n\t\t\t\t\t\t\t\t<img decoding=\"async\" class=\"wppsac-post-image\"  src=\"https:\/\/ipespaulofreire.edu.ar\/web\/wp-content\/uploads\/2026\/03\/Campus-Virtual-Flyer.jpg\" alt=\"TRAYECTO FORMATIVO IPES\" \/>\r\n\t\t\t\t\t\t\t<\/a>\r\n\t\t<\/div>\r\n\t<\/div>\r\n<\/div><div class=\"wppsac-post-slides\">\r\n\t<div class=\"wppsac-post-content-position\">\r\n\t\t<div class=\"wppsac-post-content-left wp-medium-8 wpcolumns\">\r\n\t\t\t\t\t\t<div class=\"wppsac-post-categories\"><\/div>\r\n\t\t\t\r\n\t\t\t<h2 class=\"wppsac-post-title\">\r\n\t\t\t\t<a href=\"https:\/\/ipespaulofreire.edu.ar\/web\/calendario-institucional-2026\/\">Calendario Institucional 2026<\/a>\r\n\t\t\t<\/h2>\r\n\r\n\t\t\t\t\t\t<div class=\"wppsac-post-content\">\r\n\t\t\t\t<div class=\"wppsac-sub-content\">Calendario Institucional 2026 - 1er Cuatrimestre<\/div>\r\n\t\t\t\t\r\n\t\t\t\t\t\t\t\t<a class=\"wppsac-readmorebtn\" href=\"https:\/\/ipespaulofreire.edu.ar\/web\/calendario-institucional-2026\/\">Ver...<\/a>\r\n\t\t\t\t\t\t\t<\/div>\r\n\t\t\t\t\t<\/div>\r\n\t\t<div class=\"wppsac-post-image-bg\">\r\n\t\t\t<a href=\"https:\/\/ipespaulofreire.edu.ar\/web\/calendario-institucional-2026\/\">\r\n\t\t\t\t\t\t\t\t<img decoding=\"async\" class=\"wppsac-post-image\"  src=\"https:\/\/ipespaulofreire.edu.ar\/web\/wp-content\/uploads\/2024\/09\/calendario-1.png\" alt=\"Calendario Institucional 2026\" \/>\r\n\t\t\t\t\t\t\t<\/a>\r\n\t\t<\/div>\r\n\t<\/div>\r\n<\/div><div class=\"wppsac-post-slides\">\r\n\t<div class=\"wppsac-post-content-position\">\r\n\t\t<div class=\"wppsac-post-content-left wp-medium-8 wpcolumns\">\r\n\t\t\t\t\t\t<div class=\"wppsac-post-categories\"><\/div>\r\n\t\t\t\r\n\t\t\t<h2 class=\"wppsac-post-title\">\r\n\t\t\t\t<a href=\"https:\/\/ipespaulofreire.edu.ar\/web\/semana-de-la-memoria-50-anos-del-golpe-de-estado-de-1976\/\">SEMANA DE LA MEMORIA \u2013 50 A\u00d1OS DEL GOLPE DE ESTADO DE 1976\u201d<\/a>\r\n\t\t\t<\/h2>\r\n\r\n\t\t\t\t\t\t<div class=\"wppsac-post-content\">\r\n\t\t\t\t<div class=\"wppsac-sub-content\">Educando en la memoria, construyendo un futuro m\u00e1s democr\u00e1tico y con m\u00e1s derechos En el marco del D\u00eda Nacional de...<\/div>\r\n\t\t\t\t\r\n\t\t\t\t\t\t\t\t<a class=\"wppsac-readmorebtn\" href=\"https:\/\/ipespaulofreire.edu.ar\/web\/semana-de-la-memoria-50-anos-del-golpe-de-estado-de-1976\/\">Ver...<\/a>\r\n\t\t\t\t\t\t\t<\/div>\r\n\t\t\t\t\t<\/div>\r\n\t\t<div class=\"wppsac-post-image-bg\">\r\n\t\t\t<a href=\"https:\/\/ipespaulofreire.edu.ar\/web\/semana-de-la-memoria-50-anos-del-golpe-de-estado-de-1976\/\">\r\n\t\t\t\t\t\t\t\t<img decoding=\"async\" class=\"wppsac-post-image\"  src=\"https:\/\/ipespaulofreire.edu.ar\/web\/wp-content\/uploads\/2026\/03\/Difusion_historia-scaled.png\" alt=\"SEMANA DE LA MEMORIA \u2013 50 A\u00d1OS DEL GOLPE DE ESTADO DE 1976\u201d\" \/>\r\n\t\t\t\t\t\t\t<\/a>\r\n\t\t<\/div>\r\n\t<\/div>\r\n<\/div><div class=\"wppsac-post-slides\">\r\n\t<div class=\"wppsac-post-content-position\">\r\n\t\t<div class=\"wppsac-post-content-left wp-medium-8 wpcolumns\">\r\n\t\t\t\t\t\t<div class=\"wppsac-post-categories\"><\/div>\r\n\t\t\t\r\n\t\t\t<h2 class=\"wppsac-post-title\">\r\n\t\t\t\t<a href=\"https:\/\/ipespaulofreire.edu.ar\/web\/llamado-a-concurso-publico-de-antecedentes-y-coloquio-para-cubrir-el-cargo-de-rector-a-i-p-e-s-paulo-freire\/\">CONCURSO &#8211; Llamado a concurso p\u00fablico de antecedentes y coloquio para cubrir el cargo de Rector\/a I.P.E.S. Paulo Freire<\/a>\r\n\t\t\t<\/h2>\r\n\r\n\t\t\t\t\t\t<div class=\"wppsac-post-content\">\r\n\t\t\t\t<div class=\"wppsac-sub-content\">Llamado a concurso Rector\/a I.P.E.S. Paulo Freire Disposici\u00f3n DPNS N\u00b0 04\/26 Modificaci\u00f3n del Cronograma del Llamado a ConcursoP\u00fablico de Antecedentes...<\/div>\r\n\t\t\t\t\r\n\t\t\t\t\t\t\t\t<a class=\"wppsac-readmorebtn\" href=\"https:\/\/ipespaulofreire.edu.ar\/web\/llamado-a-concurso-publico-de-antecedentes-y-coloquio-para-cubrir-el-cargo-de-rector-a-i-p-e-s-paulo-freire\/\">Ver...<\/a>\r\n\t\t\t\t\t\t\t<\/div>\r\n\t\t\t\t\t<\/div>\r\n\t\t<div class=\"wppsac-post-image-bg\">\r\n\t\t\t<a href=\"https:\/\/ipespaulofreire.edu.ar\/web\/llamado-a-concurso-publico-de-antecedentes-y-coloquio-para-cubrir-el-cargo-de-rector-a-i-p-e-s-paulo-freire\/\">\r\n\t\t\t\t\t\t\t\t<img decoding=\"async\" class=\"wppsac-post-image\"  src=\"https:\/\/ipespaulofreire.edu.ar\/web\/wp-content\/uploads\/2024\/10\/concursos_docentes.png\" alt=\"CONCURSO &#8211; Llamado a concurso p\u00fablico de antecedentes y coloquio para cubrir el cargo de Rector\/a I.P.E.S. Paulo Freire\" \/>\r\n\t\t\t\t\t\t\t<\/a>\r\n\t\t<\/div>\r\n\t<\/div>\r\n<\/div><div class=\"wppsac-post-slides\">\r\n\t<div class=\"wppsac-post-content-position\">\r\n\t\t<div class=\"wppsac-post-content-left wp-medium-8 wpcolumns\">\r\n\t\t\t\t\t\t<div class=\"wppsac-post-categories\"><\/div>\r\n\t\t\t\r\n\t\t\t<h2 class=\"wppsac-post-title\">\r\n\t\t\t\t<a href=\"https:\/\/ipespaulofreire.edu.ar\/web\/cambios-de-comision\/\">Cambios de Comisi\u00f3n<\/a>\r\n\t\t\t<\/h2>\r\n\r\n\t\t\t\t\t\t<div class=\"wppsac-post-content\">\r\n\t\t\t\t<div class=\"wppsac-sub-content\"><\/div>\r\n\t\t\t\t\r\n\t\t\t\t\t\t\t\t<a class=\"wppsac-readmorebtn\" href=\"https:\/\/ipespaulofreire.edu.ar\/web\/cambios-de-comision\/\">Ver...<\/a>\r\n\t\t\t\t\t\t\t<\/div>\r\n\t\t\t\t\t<\/div>\r\n\t\t<div class=\"wppsac-post-image-bg\">\r\n\t\t\t<a href=\"https:\/\/ipespaulofreire.edu.ar\/web\/cambios-de-comision\/\">\r\n\t\t\t\t\t\t\t\t<img decoding=\"async\" class=\"wppsac-post-image\"  src=\"https:\/\/ipespaulofreire.edu.ar\/web\/wp-content\/uploads\/2026\/03\/WhatsApp-Image-2026-03-10-at-12.12.43.jpeg\" alt=\"Cambios de Comisi\u00f3n\" \/>\r\n\t\t\t\t\t\t\t<\/a>\r\n\t\t<\/div>\r\n\t<\/div>\r\n<\/div><div class=\"wppsac-post-slides\">\r\n\t<div class=\"wppsac-post-content-position\">\r\n\t\t<div class=\"wppsac-post-content-left wp-medium-8 wpcolumns\">\r\n\t\t\t\t\t\t<div class=\"wppsac-post-categories\"><\/div>\r\n\t\t\t\r\n\t\t\t<h2 class=\"wppsac-post-title\">\r\n\t\t\t\t<a href=\"https:\/\/ipespaulofreire.edu.ar\/web\/2da-convocatoria-de-cobertura-de-unidades-curriculares-por-art-66-res-med-no2765-15-marzo-2026\/\">CONVOCATORIA &#8211; 2da convocatoria de cobertura de unidades curriculares, por art. 66\u00b0 Res. MED N\u00ba2765\/15 &#8211; marzo 2026<\/a>\r\n\t\t\t<\/h2>\r\n\r\n\t\t\t\t\t\t<div class=\"wppsac-post-content\">\r\n\t\t\t\t<div class=\"wppsac-sub-content\">2da convocatoria de cobertura de unidades curriculares, por art. 66\u00b0 Res. MED N\u00ba2765\/15 - marzo 2026<\/div>\r\n\t\t\t\t\r\n\t\t\t\t\t\t\t\t<a class=\"wppsac-readmorebtn\" href=\"https:\/\/ipespaulofreire.edu.ar\/web\/2da-convocatoria-de-cobertura-de-unidades-curriculares-por-art-66-res-med-no2765-15-marzo-2026\/\">Ver...<\/a>\r\n\t\t\t\t\t\t\t<\/div>\r\n\t\t\t\t\t<\/div>\r\n\t\t<div class=\"wppsac-post-image-bg\">\r\n\t\t\t<a href=\"https:\/\/ipespaulofreire.edu.ar\/web\/2da-convocatoria-de-cobertura-de-unidades-curriculares-por-art-66-res-med-no2765-15-marzo-2026\/\">\r\n\t\t\t\t\t\t\t\t<img decoding=\"async\" class=\"wppsac-post-image\"  src=\"https:\/\/ipespaulofreire.edu.ar\/web\/wp-content\/uploads\/2024\/10\/concursos_docentes.png\" alt=\"CONVOCATORIA &#8211; 2da convocatoria de cobertura de unidades curriculares, por art. 66\u00b0 Res. MED N\u00ba2765\/15 &#8211; marzo 2026\" \/>\r\n\t\t\t\t\t\t\t<\/a>\r\n\t\t<\/div>\r\n\t<\/div>\r\n<\/div>\t\t\t<\/div>\r\n\t\t<\/div>\r\n\t\n<\/div>\n","protected":false},"excerpt":{"rendered":"","protected":false},"author":1,"featured_media":0,"parent":0,"menu_order":0,"comment_status":"closed","ping_status":"closed","template":"","meta":{"footnotes":""},"class_list":["post-849","page","type-page","status-publish","hentry"],"_links":{"self":[{"href":"https:\/\/ipespaulofreire.edu.ar\/web\/wp-json\/wp\/v2\/pages\/849","targetHints":{"allow":["GET"]}}],"collection":[{"href":"https:\/\/ipespaulofreire.edu.ar\/web\/wp-json\/wp\/v2\/pages"}],"about":[{"href":"https:\/\/ipespaulofreire.edu.ar\/web\/wp-json\/wp\/v2\/types\/page"}],"author":[{"embeddable":true,"href":"https:\/\/ipespaulofreire.edu.ar\/web\/wp-json\/wp\/v2\/users\/1"}],"replies":[{"embeddable":true,"href":"https:\/\/ipespaulofreire.edu.ar\/web\/wp-json\/wp\/v2\/comments?post=849"}],"version-history":[{"count":5,"href":"https:\/\/ipespaulofreire.edu.ar\/web\/wp-json\/wp\/v2\/pages\/849\/revisions"}],"predecessor-version":[{"id":1250,"href":"https:\/\/ipespaulofreire.edu.ar\/web\/wp-json\/wp\/v2\/pages\/849\/revisions\/1250"}],"wp:attachment":[{"href":"https:\/\/ipespaulofreire.edu.ar\/web\/wp-json\/wp\/v2\/media?parent=849"}],"curies":[{"name":"wp","href":"https:\/\/api.w.org\/{rel}","templated":true}]}}