{"id":79,"date":"2024-07-04T18:45:45","date_gmt":"2024-07-04T21:45:45","guid":{"rendered":"https:\/\/www.siebenfamily.com\/?page_id=79"},"modified":"2025-08-07T19:08:11","modified_gmt":"2025-08-07T22:08:11","slug":"paulo-freire","status":"publish","type":"page","link":"https:\/\/ipespaulofreire.edu.ar\/web\/paulo-freire\/","title":{"rendered":"Paulo Freire"},"content":{"rendered":"\n<div class=\"wp-block-columns is-layout-flex wp-container-core-columns-is-layout-28f84493 wp-block-columns-is-layout-flex\">\n<div class=\"wp-block-column is-layout-flow wp-block-column-is-layout-flow\">\n<figure class=\"wp-block-image aligncenter size-large\"><img decoding=\"async\" src=\"https:\/\/ipespaulofreire.edu.ar\/web\/wp-content\/uploads\/2024\/07\/freire.png\" alt=\"\"\/><\/figure>\n<\/div>\n<\/div>\n\n\n\n<!-- Contenedor general -->\n<div class=\"wp-block-group\" style=\"padding: 2rem; max-width: 800px; margin: auto; background-color: #ffffff; border-radius: 12px; box-shadow: 0 0 10px rgba(0,0,0,0.05);\">\n\n  <h2>Paulo Freire (1921\u20131997)<\/h2>\n\n  <p><strong>Paulo Freire<\/strong> fue uno de los mayores y m\u00e1s significativos pedagogos de este siglo. Con su <em>\u2018principio del di\u00e1logo\u2019<\/em>, \u00e9l nos mostr\u00f3 un nuevo camino para la relaci\u00f3n entre profesores y alumnos. Sus ideas influenciaron e influencian procesos democr\u00e1ticos por todo el mundo.<\/p>\n\n  <p>\u00c9l fue el pedagogo de los oprimidos y en su trabajo transmiti\u00f3 la <strong>pedagog\u00eda de la esperanza<\/strong>. La pastoral social de Am\u00e9rica Latina y la teolog\u00eda de la liberaci\u00f3n fueron influenciadas por \u00e9l. Detestado por los dictadores, Paulo Freire tuvo que refugiarse. Por mucho tiempo su nueva casa fue el Consejo Mundial de la Iglesia en Ginebra, Suiza.<\/p>\n\n  <p>Desde all\u00ed comenz\u00f3 con el apoyo de los pa\u00edses reci\u00e9n liberados de la colonizaci\u00f3n portuguesa y con las campa\u00f1as de alfabetizaci\u00f3n en Nicaragua. Como \u00faltimo exiliado de la dictadura militar en 1964, Paulo pudo retornar a Brasil en 1980. \u00c9l fue uno de los fundadores del partido de la oposici\u00f3n en Brasil, el <strong>PT (Partido de los Trabajadores)<\/strong>.<\/p>\n\n  <p>En Europa sus ideas influenciaron toda la esfera pedag\u00f3gica: los trabajos sociales, la educaci\u00f3n de adultos, la educaci\u00f3n extraescolar de j\u00f3venes, las escuelas y los jardines infantiles. Sus libros fueron traducidos en muchos idiomas.<\/p>\n\n  <p>Son numerosas las conexiones de la pedagog\u00eda de Paulo Freire con otros sectores: con la teolog\u00eda, con la \u00e9tica social, con la sociolog\u00eda, con la psicolog\u00eda, con el arte, con el teatro y con la econom\u00eda. Esta gran variedad abre el camino para la posmodernidad.<\/p>\n\n  <h3>Corta biograf\u00eda de Paulo Freire:<\/h3>\n\n  <ul>\n    <li><strong>1921:<\/strong> Paulo Freire nace en Recife (Brasil).<\/li>\n    <li><strong>1944:<\/strong> Casamiento con la profesora Elza Maria Oliveira.<\/li>\n    <li><strong>1946:<\/strong> Profesor en la Universidad de Recife.<\/li>\n    <li><strong>1959:<\/strong> Tesis doctoral sobre la educaci\u00f3n de adultos y analfabetos.<\/li>\n    <li><strong>1962\u201364:<\/strong> Programa de alfabetizaci\u00f3n en todo Brasil basado en el m\u00e9todo de Freire.<\/li>\n    <li><strong>1964:<\/strong> Golpe militar en Brasil. Paulo Freire es detenido por 75 d\u00edas y va para Chile al exilio.<\/li>\n    <li><strong>1964\u201369:<\/strong> Profesor invitado en la Universidad de Harvard\/E.E.U.U. por diez meses.<\/li>\n    <li><strong>1970\u201380:<\/strong> \u2018Counsellor of the office of education\u2019 en el Consejo Mundial de las Iglesias en Ginebra.<\/li>\n    <li><strong>1980:<\/strong> Paulo Freire regresa a Brasil.<\/li>\n    <li><strong>1987:<\/strong> Casamiento con Ana Maria Ara\u00fajo.<\/li>\n    <li><strong>1989\u201391:<\/strong> Secretario de Estado de Educaci\u00f3n en S\u00e3o Paulo.<\/li>\n    <li><strong>1997:<\/strong> Doctor honoris causa de la Universidad \u2018Carl von Ossietzky\u2019 en Oldenburgo, Alemania.<\/li>\n    <li><strong>1997:<\/strong> Paulo Freire muere en S\u00e3o Paulo.<\/li>\n  <\/ul>\n\n<\/div>\n\n\n\n<h2>Libros completos de Paulo Freire<\/h2>\n\n<div style=\"text-align: center; margin: 20px 0;\">\n  <img decoding=\"async\" src=\"https:\/\/ipespaulofreire.edu.ar\/web\/wp-content\/uploads\/2024\/07\/libros.png\" alt=\"Libros de Paulo Freire\" style=\"max-width: 100%; height: auto;\">\n<\/div>\n\n<h3>Selecci\u00f3n de enlaces sobre Freire<\/h3>\n\n<ul>\n  <li><a href=\"http:\/\/www.freire.de\" target=\"_blank\" rel=\"noopener\">http:\/\/www.freire.de<\/a><\/li>\n  <li><a href=\"http:\/\/www.pucsp.br\/paulofreire\" target=\"_blank\" rel=\"noopener\">http:\/\/www.pucsp.br\/paulofreire<\/a><\/li>\n  <li><a href=\"http:\/\/www.paulofreire.org\" target=\"_blank\" rel=\"noopener\">http:\/\/www.paulofreire.org<\/a><\/li>\n<\/ul>\n\n\n\n<p><\/p>\n","protected":false},"excerpt":{"rendered":"<p>Paulo Freire (1921\u20131997) Paulo Freire fue uno de los mayores y m\u00e1s significativos pedagogos de este siglo. Con su \u2018principio del di\u00e1logo\u2019, \u00e9l nos mostr\u00f3 un nuevo camino para la relaci\u00f3n entre profesores y alumnos. Sus ideas influenciaron e influencian procesos democr\u00e1ticos por todo el mundo. \u00c9l fue el pedagogo de los oprimidos y en [&hellip;]<\/p>\n","protected":false},"author":1,"featured_media":0,"parent":0,"menu_order":0,"comment_status":"closed","ping_status":"closed","template":"","meta":{"footnotes":""},"class_list":["post-79","page","type-page","status-publish","hentry"],"_links":{"self":[{"href":"https:\/\/ipespaulofreire.edu.ar\/web\/wp-json\/wp\/v2\/pages\/79","targetHints":{"allow":["GET"]}}],"collection":[{"href":"https:\/\/ipespaulofreire.edu.ar\/web\/wp-json\/wp\/v2\/pages"}],"about":[{"href":"https:\/\/ipespaulofreire.edu.ar\/web\/wp-json\/wp\/v2\/types\/page"}],"author":[{"embeddable":true,"href":"https:\/\/ipespaulofreire.edu.ar\/web\/wp-json\/wp\/v2\/users\/1"}],"replies":[{"embeddable":true,"href":"https:\/\/ipespaulofreire.edu.ar\/web\/wp-json\/wp\/v2\/comments?post=79"}],"version-history":[{"count":14,"href":"https:\/\/ipespaulofreire.edu.ar\/web\/wp-json\/wp\/v2\/pages\/79\/revisions"}],"predecessor-version":[{"id":1782,"href":"https:\/\/ipespaulofreire.edu.ar\/web\/wp-json\/wp\/v2\/pages\/79\/revisions\/1782"}],"wp:attachment":[{"href":"https:\/\/ipespaulofreire.edu.ar\/web\/wp-json\/wp\/v2\/media?parent=79"}],"curies":[{"name":"wp","href":"https:\/\/api.w.org\/{rel}","templated":true}]}}