{"id":697,"date":"2024-10-24T19:43:53","date_gmt":"2024-10-24T22:43:53","guid":{"rendered":"https:\/\/www.siebenfamily.com\/?page_id=697"},"modified":"2025-08-07T19:36:16","modified_gmt":"2025-08-07T22:36:16","slug":"correlatividades","status":"publish","type":"page","link":"https:\/\/ipespaulofreire.edu.ar\/web\/correlatividades\/","title":{"rendered":"Correlatividades"},"content":{"rendered":"\n<div class=\"wp-block-columns is-layout-flex wp-container-core-columns-is-layout-28f84493 wp-block-columns-is-layout-flex\">\n<div class=\"wp-block-column is-vertically-aligned-top is-layout-flow wp-block-column-is-layout-flow\">\n<figure class=\"wp-block-image aligncenter size-full is-resized\"><img loading=\"lazy\" decoding=\"async\" width=\"4204\" height=\"4080\" src=\"https:\/\/ipespaulofreire.edu.ar\/web\/wp-content\/uploads\/2024\/10\/pei.png\" alt=\"\" class=\"wp-image-631\" style=\"width:135px;height:auto\" srcset=\"https:\/\/ipespaulofreire.edu.ar\/web\/wp-content\/uploads\/2024\/10\/pei.png 4204w, https:\/\/ipespaulofreire.edu.ar\/web\/wp-content\/uploads\/2024\/10\/pei-300x291.png 300w, https:\/\/ipespaulofreire.edu.ar\/web\/wp-content\/uploads\/2024\/10\/pei-1024x994.png 1024w, https:\/\/ipespaulofreire.edu.ar\/web\/wp-content\/uploads\/2024\/10\/pei-768x745.png 768w, https:\/\/ipespaulofreire.edu.ar\/web\/wp-content\/uploads\/2024\/10\/pei-1536x1491.png 1536w, https:\/\/ipespaulofreire.edu.ar\/web\/wp-content\/uploads\/2024\/10\/pei-2048x1988.png 2048w\" sizes=\"auto, (max-width: 4204px) 100vw, 4204px\" \/><\/figure>\n\n\n\n<p class=\"has-text-align-center\"><strong>Profesorado de Educaci\u00f3n Inicial<\/strong><\/p>\n\n\n\n<p class=\"has-text-align-center\"><a href=\"https:\/\/drive.google.com\/file\/d\/1EnppLhTjjYbtoxy_X3mgmVZzAmv6bZNA\/view?usp=sharing\">Correlatividades cohortes 2023 en adelante<\/a><\/p>\n\n\n\n<p class=\"has-text-align-center\"><a href=\"https:\/\/drive.google.com\/file\/d\/1pQu8MzzFD2scXDJ_UHd1BCiQwTA2sXVS\/view?usp=sharing\">Correlatividades cohortes 2022 y anteriores<\/a><\/p>\n\n\n\n<p class=\"has-text-align-center\"><\/p>\n<\/div>\n\n\n\n<div class=\"wp-block-column is-vertically-aligned-top is-layout-flow wp-block-column-is-layout-flow\">\n<figure class=\"wp-block-image aligncenter size-full is-resized\"><img loading=\"lazy\" decoding=\"async\" width=\"3632\" height=\"3526\" src=\"https:\/\/ipespaulofreire.edu.ar\/web\/wp-content\/uploads\/2024\/10\/pep.png\" alt=\"\" class=\"wp-image-632\" style=\"width:135px;height:auto\" srcset=\"https:\/\/ipespaulofreire.edu.ar\/web\/wp-content\/uploads\/2024\/10\/pep.png 3632w, https:\/\/ipespaulofreire.edu.ar\/web\/wp-content\/uploads\/2024\/10\/pep-300x291.png 300w, https:\/\/ipespaulofreire.edu.ar\/web\/wp-content\/uploads\/2024\/10\/pep-1024x994.png 1024w, https:\/\/ipespaulofreire.edu.ar\/web\/wp-content\/uploads\/2024\/10\/pep-768x746.png 768w, https:\/\/ipespaulofreire.edu.ar\/web\/wp-content\/uploads\/2024\/10\/pep-1536x1491.png 1536w, https:\/\/ipespaulofreire.edu.ar\/web\/wp-content\/uploads\/2024\/10\/pep-2048x1988.png 2048w\" sizes=\"auto, (max-width: 3632px) 100vw, 3632px\" \/><\/figure>\n\n\n\n<p class=\"has-text-align-center\"><strong>Profesorado de Educaci\u00f3n Primaria<\/strong><\/p>\n\n\n\n<p class=\"has-text-align-center\"><a href=\"https:\/\/drive.google.com\/file\/d\/14kPseRzCDtbnHq4UIP15GheX-M2ZCQEE\/view?usp=sharing\">Correlatividades cohortes 2023 en adelante<\/a><\/p>\n\n\n\n<p class=\"has-text-align-center\"><a href=\"https:\/\/drive.google.com\/file\/d\/1pQu8MzzFD2scXDJ_UHd1BCiQwTA2sXVS\/view?usp=sharing\">Correlatividades cohortes 2022 y anteriores<\/a><\/p>\n\n\n\n<p class=\"has-text-align-center\"><\/p>\n<\/div>\n<\/div>\n\n\n\n<div style=\"height:56px\" aria-hidden=\"true\" class=\"wp-block-spacer\"><\/div>\n\n\n\n<div class=\"wp-block-columns is-layout-flex wp-container-core-columns-is-layout-28f84493 wp-block-columns-is-layout-flex\">\n<div class=\"wp-block-column is-layout-flow wp-block-column-is-layout-flow\">\n<figure class=\"wp-block-image aligncenter size-full is-resized\"><img loading=\"lazy\" decoding=\"async\" width=\"3421\" height=\"3320\" src=\"https:\/\/ipespaulofreire.edu.ar\/web\/wp-content\/uploads\/2024\/10\/pee.png\" alt=\"\" class=\"wp-image-630\" style=\"width:135px\" srcset=\"https:\/\/ipespaulofreire.edu.ar\/web\/wp-content\/uploads\/2024\/10\/pee.png 3421w, https:\/\/ipespaulofreire.edu.ar\/web\/wp-content\/uploads\/2024\/10\/pee-300x291.png 300w, https:\/\/ipespaulofreire.edu.ar\/web\/wp-content\/uploads\/2024\/10\/pee-1024x994.png 1024w, https:\/\/ipespaulofreire.edu.ar\/web\/wp-content\/uploads\/2024\/10\/pee-768x745.png 768w, https:\/\/ipespaulofreire.edu.ar\/web\/wp-content\/uploads\/2024\/10\/pee-1536x1491.png 1536w, https:\/\/ipespaulofreire.edu.ar\/web\/wp-content\/uploads\/2024\/10\/pee-2048x1988.png 2048w\" sizes=\"auto, (max-width: 3421px) 100vw, 3421px\" \/><\/figure>\n\n\n\n<p class=\"has-text-align-center\"><strong>Profesorado de Educaci\u00f3n Especial<\/strong><\/p>\n\n\n\n<p class=\"has-text-align-center\"><a href=\"https:\/\/drive.google.com\/file\/d\/1MBuLu8a9lzKhzIL1qM3cFtrKIQvN1IGc\/view?usp=sharing\">Correlatividades cohortes 2023 en adelante<\/a><\/p>\n\n\n\n<p class=\"has-text-align-center\"><a href=\"https:\/\/drive.google.com\/file\/d\/1pQu8MzzFD2scXDJ_UHd1BCiQwTA2sXVS\/view?usp=sharing\">Correlatividades cohortes 2022 y anteriores<\/a><\/p>\n\n\n\n<p class=\"has-text-align-center\"><\/p>\n<\/div>\n\n\n\n<div class=\"wp-block-column is-layout-flow wp-block-column-is-layout-flow\">\n<figure class=\"wp-block-image aligncenter size-full is-resized\"><img loading=\"lazy\" decoding=\"async\" width=\"3170\" height=\"3077\" src=\"https:\/\/ipespaulofreire.edu.ar\/web\/wp-content\/uploads\/2024\/10\/bio.png\" alt=\"\" class=\"wp-image-624\" style=\"width:135px\" srcset=\"https:\/\/ipespaulofreire.edu.ar\/web\/wp-content\/uploads\/2024\/10\/bio.png 3170w, https:\/\/ipespaulofreire.edu.ar\/web\/wp-content\/uploads\/2024\/10\/bio-300x291.png 300w, https:\/\/ipespaulofreire.edu.ar\/web\/wp-content\/uploads\/2024\/10\/bio-1024x994.png 1024w, https:\/\/ipespaulofreire.edu.ar\/web\/wp-content\/uploads\/2024\/10\/bio-768x745.png 768w, https:\/\/ipespaulofreire.edu.ar\/web\/wp-content\/uploads\/2024\/10\/bio-1536x1491.png 1536w, https:\/\/ipespaulofreire.edu.ar\/web\/wp-content\/uploads\/2024\/10\/bio-2048x1988.png 2048w\" sizes=\"auto, (max-width: 3170px) 100vw, 3170px\" \/><\/figure>\n\n\n\n<p class=\"has-text-align-center\"><strong>Profesorado de Educaci\u00f3n Secundaria en Biolog\u00eda<\/strong><\/p>\n\n\n\n<p class=\"has-text-align-center\"><a href=\"https:\/\/drive.google.com\/file\/d\/1urCKjNqDgRy-z086d3YIKMkR3oW9RC-V\/view?usp=sharing\">Correlatividades cohortes 2023 en adelante<\/a><\/p>\n\n\n\n<p class=\"has-text-align-center\"><a href=\"https:\/\/drive.google.com\/file\/d\/1pQu8MzzFD2scXDJ_UHd1BCiQwTA2sXVS\/view?usp=sharing\">Correlatividades cohortes 2022 y anteriores<\/a><\/p>\n\n\n\n<p class=\"has-text-align-center\"><\/p>\n<\/div>\n<\/div>\n\n\n\n<div style=\"height:56px\" aria-hidden=\"true\" class=\"wp-block-spacer\"><\/div>\n\n\n\n<div class=\"wp-block-columns is-layout-flex wp-container-core-columns-is-layout-28f84493 wp-block-columns-is-layout-flex\">\n<div class=\"wp-block-column is-layout-flow wp-block-column-is-layout-flow\">\n<figure class=\"wp-block-image aligncenter size-full is-resized\"><img loading=\"lazy\" decoding=\"async\" width=\"3580\" height=\"3474\" src=\"https:\/\/ipespaulofreire.edu.ar\/web\/wp-content\/uploads\/2024\/10\/geo.png\" alt=\"\" class=\"wp-image-626\" style=\"width:135px\" srcset=\"https:\/\/ipespaulofreire.edu.ar\/web\/wp-content\/uploads\/2024\/10\/geo.png 3580w, https:\/\/ipespaulofreire.edu.ar\/web\/wp-content\/uploads\/2024\/10\/geo-300x291.png 300w, https:\/\/ipespaulofreire.edu.ar\/web\/wp-content\/uploads\/2024\/10\/geo-1024x994.png 1024w, https:\/\/ipespaulofreire.edu.ar\/web\/wp-content\/uploads\/2024\/10\/geo-768x745.png 768w, https:\/\/ipespaulofreire.edu.ar\/web\/wp-content\/uploads\/2024\/10\/geo-1536x1491.png 1536w, https:\/\/ipespaulofreire.edu.ar\/web\/wp-content\/uploads\/2024\/10\/geo-2048x1987.png 2048w\" sizes=\"auto, (max-width: 3580px) 100vw, 3580px\" \/><\/figure>\n\n\n\n<p class=\"has-text-align-center\"><strong>Profesorado de Educaci\u00f3n Secundaria en Geograf\u00eda<\/strong><\/p>\n\n\n\n<p class=\"has-text-align-center\"><a href=\"https:\/\/drive.google.com\/file\/d\/10-gu_IDxDaQJE8-lbvSU60Z8TdUd7bbI\/view?usp=sharing\">Correlatividades cohortes 2023 en adelante<\/a><\/p>\n\n\n\n<p class=\"has-text-align-center\"><a href=\"https:\/\/drive.google.com\/file\/d\/1pQu8MzzFD2scXDJ_UHd1BCiQwTA2sXVS\/view?usp=sharing\">Correlatividades cohortes 2022 y anteriores<\/a><\/p>\n\n\n\n<p class=\"has-text-align-center\"><\/p>\n<\/div>\n\n\n\n<div class=\"wp-block-column is-layout-flow wp-block-column-is-layout-flow\">\n<figure class=\"wp-block-image aligncenter size-full is-resized\"><img loading=\"lazy\" decoding=\"async\" width=\"3809\" height=\"3697\" src=\"https:\/\/ipespaulofreire.edu.ar\/web\/wp-content\/uploads\/2024\/10\/his.png\" alt=\"\" class=\"wp-image-627\" style=\"width:135px\" srcset=\"https:\/\/ipespaulofreire.edu.ar\/web\/wp-content\/uploads\/2024\/10\/his.png 3809w, https:\/\/ipespaulofreire.edu.ar\/web\/wp-content\/uploads\/2024\/10\/his-300x291.png 300w, https:\/\/ipespaulofreire.edu.ar\/web\/wp-content\/uploads\/2024\/10\/his-1024x994.png 1024w, https:\/\/ipespaulofreire.edu.ar\/web\/wp-content\/uploads\/2024\/10\/his-768x745.png 768w, https:\/\/ipespaulofreire.edu.ar\/web\/wp-content\/uploads\/2024\/10\/his-1536x1491.png 1536w, https:\/\/ipespaulofreire.edu.ar\/web\/wp-content\/uploads\/2024\/10\/his-2048x1988.png 2048w\" sizes=\"auto, (max-width: 3809px) 100vw, 3809px\" \/><\/figure>\n\n\n\n<p class=\"has-text-align-center\"><strong>Profesorado de Educaci\u00f3n Secundaria en Historia<\/strong><\/p>\n\n\n\n<p class=\"has-text-align-center\"><a href=\"https:\/\/drive.google.com\/file\/d\/1v4oWVUEYUWPQXK-GQdode-6UEs14_tRw\/view?usp=sharing\">Correlatividades cohortes 2023 en adelante<\/a><\/p>\n\n\n\n<p class=\"has-text-align-center\"><a href=\"https:\/\/drive.google.com\/file\/d\/1pQu8MzzFD2scXDJ_UHd1BCiQwTA2sXVS\/view?usp=sharing\">Correlatividades cohortes 2022 y anteriores<\/a><\/p>\n\n\n\n<p class=\"has-text-align-center\"><\/p>\n<\/div>\n<\/div>\n\n\n\n<div style=\"height:56px\" aria-hidden=\"true\" class=\"wp-block-spacer\"><\/div>\n\n\n\n<div class=\"wp-block-columns is-layout-flex wp-container-core-columns-is-layout-28f84493 wp-block-columns-is-layout-flex\">\n<div class=\"wp-block-column is-layout-flow wp-block-column-is-layout-flow\">\n<figure class=\"wp-block-image aligncenter size-full is-resized\"><img loading=\"lazy\" decoding=\"async\" width=\"4691\" height=\"4554\" src=\"https:\/\/ipespaulofreire.edu.ar\/web\/wp-content\/uploads\/2024\/10\/cd.png\" alt=\"\" class=\"wp-image-625\" style=\"width:135px\" srcset=\"https:\/\/ipespaulofreire.edu.ar\/web\/wp-content\/uploads\/2024\/10\/cd.png 4691w, https:\/\/ipespaulofreire.edu.ar\/web\/wp-content\/uploads\/2024\/10\/cd-300x291.png 300w, https:\/\/ipespaulofreire.edu.ar\/web\/wp-content\/uploads\/2024\/10\/cd-1024x994.png 1024w, https:\/\/ipespaulofreire.edu.ar\/web\/wp-content\/uploads\/2024\/10\/cd-768x746.png 768w, https:\/\/ipespaulofreire.edu.ar\/web\/wp-content\/uploads\/2024\/10\/cd-1536x1491.png 1536w, https:\/\/ipespaulofreire.edu.ar\/web\/wp-content\/uploads\/2024\/10\/cd-2048x1988.png 2048w\" sizes=\"auto, (max-width: 4691px) 100vw, 4691px\" \/><\/figure>\n\n\n\n<p class=\"has-text-align-center\"><strong>Certificaci\u00f3n Docente<\/strong><\/p>\n\n\n\n<p class=\"has-text-align-center\"><a href=\"https:\/\/drive.google.com\/file\/d\/1VDKYQf8THmSBHLjpDnHtR3u-NG9O_AYp\/view?usp=sharing\">Correlatividades cohortes 2023 en adelante<\/a><\/p>\n\n\n\n<p class=\"has-text-align-center\"><a href=\"https:\/\/drive.google.com\/file\/d\/1pQu8MzzFD2scXDJ_UHd1BCiQwTA2sXVS\/view?usp=sharing\">Correlatividades cohortes 2022 y anteriores<\/a><\/p>\n\n\n\n<p class=\"has-text-align-center\"><\/p>\n<\/div>\n\n\n\n<div class=\"wp-block-column is-layout-flow wp-block-column-is-layout-flow\">\n<figure class=\"wp-block-image aligncenter size-full is-resized\"><img loading=\"lazy\" decoding=\"async\" width=\"1874\" height=\"1819\" src=\"https:\/\/ipespaulofreire.edu.ar\/web\/wp-content\/uploads\/2024\/10\/LogoLyL.png\" alt=\"\" class=\"wp-image-628\" style=\"width:135px\" srcset=\"https:\/\/ipespaulofreire.edu.ar\/web\/wp-content\/uploads\/2024\/10\/LogoLyL.png 1874w, https:\/\/ipespaulofreire.edu.ar\/web\/wp-content\/uploads\/2024\/10\/LogoLyL-300x291.png 300w, https:\/\/ipespaulofreire.edu.ar\/web\/wp-content\/uploads\/2024\/10\/LogoLyL-1024x994.png 1024w, https:\/\/ipespaulofreire.edu.ar\/web\/wp-content\/uploads\/2024\/10\/LogoLyL-768x745.png 768w, https:\/\/ipespaulofreire.edu.ar\/web\/wp-content\/uploads\/2024\/10\/LogoLyL-1536x1491.png 1536w\" sizes=\"auto, (max-width: 1874px) 100vw, 1874px\" \/><\/figure>\n\n\n\n<p class=\"has-text-align-center\"><strong>Profesorado de Educaci\u00f3n Secundaria en Lengua y Literatura<\/strong><\/p>\n\n\n\n<p class=\"has-text-align-center\"><a href=\"https:\/\/drive.google.com\/file\/d\/1zucS0Rke63NnhJglwFs7UD6AGQekWl7T\/view?usp=sharing\">Correlatividades cohortes 2023 en adelante<\/a><\/p>\n\n\n\n<p class=\"has-text-align-center\"><a href=\"https:\/\/drive.google.com\/file\/d\/1pQu8MzzFD2scXDJ_UHd1BCiQwTA2sXVS\/view?usp=sharing\">Correlatividades cohortes 2022 y anteriores<\/a><\/p>\n\n\n\n<p class=\"has-text-align-center\"><\/p>\n<\/div>\n<\/div>\n\n\n\n<div style=\"height:56px\" aria-hidden=\"true\" class=\"wp-block-spacer\"><\/div>\n\n\n\n<div class=\"wp-block-columns is-layout-flex wp-container-core-columns-is-layout-28f84493 wp-block-columns-is-layout-flex\">\n<div class=\"wp-block-column is-layout-flow wp-block-column-is-layout-flow\">\n<figure class=\"wp-block-image aligncenter size-full is-resized\"><img loading=\"lazy\" decoding=\"async\" width=\"3580\" height=\"3474\" src=\"https:\/\/ipespaulofreire.edu.ar\/web\/wp-content\/uploads\/2024\/10\/mat.png\" alt=\"\" class=\"wp-image-629\" style=\"width:135px\" srcset=\"https:\/\/ipespaulofreire.edu.ar\/web\/wp-content\/uploads\/2024\/10\/mat.png 3580w, https:\/\/ipespaulofreire.edu.ar\/web\/wp-content\/uploads\/2024\/10\/mat-300x291.png 300w, https:\/\/ipespaulofreire.edu.ar\/web\/wp-content\/uploads\/2024\/10\/mat-1024x994.png 1024w, https:\/\/ipespaulofreire.edu.ar\/web\/wp-content\/uploads\/2024\/10\/mat-768x745.png 768w, https:\/\/ipespaulofreire.edu.ar\/web\/wp-content\/uploads\/2024\/10\/mat-1536x1491.png 1536w, https:\/\/ipespaulofreire.edu.ar\/web\/wp-content\/uploads\/2024\/10\/mat-2048x1987.png 2048w\" sizes=\"auto, (max-width: 3580px) 100vw, 3580px\" \/><\/figure>\n\n\n\n<p class=\"has-text-align-center\"><strong>Profesorado de Educaci\u00f3n Secundaria en Matem\u00e1tica<\/strong><\/p>\n\n\n\n<p class=\"has-text-align-center\"><a href=\"https:\/\/drive.google.com\/file\/d\/160FrJTUslFXGpNDggGpJ1ZRT0RDUMdTa\/view?usp=sharing\">Correlatividades cohortes 2023 en adelante<\/a><\/p>\n\n\n\n<p class=\"has-text-align-center\"><a href=\"https:\/\/drive.google.com\/file\/d\/1pQu8MzzFD2scXDJ_UHd1BCiQwTA2sXVS\/view?usp=sharing\">Correlatividades cohortes 2022 y anteriores<\/a><\/p>\n\n\n\n<p class=\"has-text-align-center\"><\/p>\n<\/div>\n\n\n\n<div class=\"wp-block-column is-layout-flow wp-block-column-is-layout-flow\">\n<p class=\"has-text-align-center\"><\/p>\n<\/div>\n<\/div>\n\n\n\n<div style=\"height:56px\" aria-hidden=\"true\" class=\"wp-block-spacer\"><\/div>\n\n\n\n<p><\/p>\n","protected":false},"excerpt":{"rendered":"<p>Profesorado de Educaci\u00f3n Inicial Correlatividades cohortes 2023 en adelante Correlatividades cohortes 2022 y anteriores Profesorado de Educaci\u00f3n Primaria Correlatividades cohortes 2023 en adelante Correlatividades cohortes 2022 y anteriores Profesorado de Educaci\u00f3n Especial Correlatividades cohortes 2023 en adelante Correlatividades cohortes 2022 y anteriores Profesorado de Educaci\u00f3n Secundaria en Biolog\u00eda Correlatividades cohortes 2023 en adelante Correlatividades cohortes [&hellip;]<\/p>\n","protected":false},"author":1,"featured_media":0,"parent":0,"menu_order":0,"comment_status":"closed","ping_status":"closed","template":"","meta":{"footnotes":""},"class_list":["post-697","page","type-page","status-publish","hentry"],"_links":{"self":[{"href":"https:\/\/ipespaulofreire.edu.ar\/web\/wp-json\/wp\/v2\/pages\/697","targetHints":{"allow":["GET"]}}],"collection":[{"href":"https:\/\/ipespaulofreire.edu.ar\/web\/wp-json\/wp\/v2\/pages"}],"about":[{"href":"https:\/\/ipespaulofreire.edu.ar\/web\/wp-json\/wp\/v2\/types\/page"}],"author":[{"embeddable":true,"href":"https:\/\/ipespaulofreire.edu.ar\/web\/wp-json\/wp\/v2\/users\/1"}],"replies":[{"embeddable":true,"href":"https:\/\/ipespaulofreire.edu.ar\/web\/wp-json\/wp\/v2\/comments?post=697"}],"version-history":[{"count":5,"href":"https:\/\/ipespaulofreire.edu.ar\/web\/wp-json\/wp\/v2\/pages\/697\/revisions"}],"predecessor-version":[{"id":1814,"href":"https:\/\/ipespaulofreire.edu.ar\/web\/wp-json\/wp\/v2\/pages\/697\/revisions\/1814"}],"wp:attachment":[{"href":"https:\/\/ipespaulofreire.edu.ar\/web\/wp-json\/wp\/v2\/media?parent=697"}],"curies":[{"name":"wp","href":"https:\/\/api.w.org\/{rel}","templated":true}]}}