{"id":581,"date":"2024-10-02T19:18:26","date_gmt":"2024-10-02T22:18:26","guid":{"rendered":"https:\/\/www.siebenfamily.com\/?page_id=581"},"modified":"2025-08-07T19:32:06","modified_gmt":"2025-08-07T22:32:06","slug":"profesorado-de-educacion-secundaria-en-lengua-y-literatura","status":"publish","type":"page","link":"https:\/\/ipespaulofreire.edu.ar\/web\/profesorado-de-educacion-secundaria-en-lengua-y-literatura\/","title":{"rendered":"Profesorado de Educaci\u00f3n Secundaria en Lengua y Literatura"},"content":{"rendered":"\n<figure class=\"wp-block-image aligncenter size-large is-resized\"><img decoding=\"async\" src=\"https:\/\/ipespaulofreire.edu.ar\/web\/wp-content\/uploads\/2024\/10\/LogoLyL.png\" alt=\"\" style=\"width:250px\"\/><\/figure>\n\n\n\n<div style=\"max-width: 800px; margin: auto; font-family: sans-serif; padding: 1rem; line-height: 1.6;\">\n  <h2>Profesorado de Educaci\u00f3n Secundaria en Lengua y Literatura<\/h2>\n\n  <p><strong>Resoluci\u00f3n:<\/strong> M.E.D N\u00b0 4334\/2012<\/p>\n  <p><strong>\u23f3 Duraci\u00f3n:<\/strong> 4 a\u00f1os<\/p>\n  <p><strong>\ud83c\udf93 T\u00edtulo a otorgar:<\/strong> Profesor\/a de Educaci\u00f3n Secundaria en Lengua y Literatura<\/p>\n  <p><strong>\ud83d\udd50 Turno:<\/strong> Tarde<\/p>\n\n  <h3>Normativa Nacional y Jurisdiccional<\/h3>\n  <p>La gesti\u00f3n institucional se enmarca en los lineamientos nacionales propuestos por el Ministerio de Educaci\u00f3n de la Naci\u00f3n, el Consejo Federal de Educaci\u00f3n, el Instituto Nacional de Formaci\u00f3n Docente y las disposiciones ministeriales siguientes:<\/p>\n  <ul>\n    <li>Ley de Educaci\u00f3n Nacional 26.206<\/li>\n    <li>Resoluci\u00f3n CFE N\u00b0 30\/08<\/li>\n    <li>Resoluci\u00f3n CFE N\u00b0 72\/08<\/li>\n    <li>Resoluci\u00f3n M.E.C.C. y T. N\u00b0 1562\/09<\/li>\n    <li>Resoluci\u00f3n M.E.C.C. y T. N\u00b0 0433\/2010<\/li>\n  <\/ul>\n\n  <h3>Perfil del Egresado\/a<\/h3>\n  <p>El \/la egresado\/a del Profesorado de Lengua y Literatura para la Educaci\u00f3n Secundaria estar\u00e1 en condiciones de:<\/p>\n  <ul>\n  <\/ul>\n<li><strong>Planificar la ense\u00f1anza.<\/strong> Organizar la ense\u00f1anza a trav\u00e9s de planificaciones que denoten la comprensi\u00f3n de los prop\u00f3sitos y finalidades que la programaci\u00f3n conseguir\u00e1 satisfacer, considerando la selecci\u00f3n y organizaci\u00f3n de contenidos y actividades, la previsi\u00f3n de recursos y la elaboraci\u00f3n de estrategias de ense\u00f1anza y evaluaci\u00f3n. Elaborar propuestas de intervenci\u00f3n did\u00e1ctica en su \u00e1mbito de especializaci\u00f3n curricular, tales como la promoci\u00f3n de la lectura y la escritura, la ling\u00fc\u00edstica, etc.<\/li>\n<li><strong>Generar situaciones de aprendizaje en contextos diversos.<\/strong> Dise\u00f1ar y gestionar contextos de aprendizaje que atiendan a las m\u00faltiples demandas simult\u00e1neas de grupos heterog\u00e9neos, con expectativas, intereses y estilos de aprendizaje diferentes.<\/li>\n<li><strong>Coordinar la interacci\u00f3n en el aula.<\/strong> Dominar y utilizar un repertorio de estrategias y t\u00e9cnicas para trabajar de forma significativa y relevante el conocimiento disciplinar con las inquietudes del sujeto adolescente, contribuyendo a un ambiente propicio para el aprendizaje, una comunicaci\u00f3n fluida y libre de prejuicios entre los distintos actores. Propiciar las condiciones necesarias para el trabajo en equipo, la cooperaci\u00f3n entre pares y el aprendizaje colectivo. Favorecer la resoluci\u00f3n de conflictos democr\u00e1tica y creativamente, privilegiando la construcci\u00f3n de valores, como el compa\u00f1erismo, la solidaridad, etc.<\/li>\n<li><strong>Evaluar los aprendizajes de los estudiantes y la propia ense\u00f1anza.<\/strong> Evaluar de forma reflexiva, sistem\u00e1tica, cr\u00edtica y creativa los procesos de ense\u00f1anza y de aprendizaje para comprender lo que sucede en el aula y aprender a mejorar. Dominar diferentes tipos de instrumentos de evaluaci\u00f3n, conociendo sus posibilidades y limitaciones, y responsabiliz\u00e1ndose de sus resultados o efectos. Comunicar de forma efectiva y sensible los resultados de la evaluaci\u00f3n, de modo que los estudiantes puedan utilizarlos como ocasi\u00f3n de aprendizaje y mejora.  Desarrollar trabajo institucional y con la comunidad. Involucrarse con el acontecer cultural, pol\u00edtico, social e hist\u00f3rico, propiciando la formaci\u00f3n de un ciudadano comprometido y responsable de sus acciones. Comprometerse con la participaci\u00f3n activa y el trabajo cooperativo en el seno de la comunidad educativa: docentes, estudiantes, familias.<\/li>\n<li><strong>Desarrollo profesional.<\/strong> Tener un conocimiento amplio de los contenidos disciplinares y pedag\u00f3gicos, siendo conscientes de que los mismos no son acabados ni cerrados sino que se hallan en constante revisi\u00f3n y adecuaci\u00f3n a los avances de las diferentes disciplinas ling\u00fc\u00edsticas y pedag\u00f3gicas que requieren un formaci\u00f3n continua. Ser capaces de analizar e interpretar los procesos de ense\u00f1anza que gestionen, a partir de datos contextualizados y objetivos con una mirada autocr\u00edtica que le permitan tomar decisiones aut\u00f3nomas y superadoras. Desarrollar las competencias de un escritor y lector aut\u00f3nomo responsable y cr\u00edtico. Transmitir lo que es causa de su deseo en relaci\u00f3n a la lectura, la escritura, la ling\u00fc\u00edstica y\/o la ense\u00f1anza. Ser usuarios competentes de la lengua oral y escrita, capaces de comprender la diversidad ling\u00fc\u00edstica en sus diferentes manifestaciones, valorarla e integrarla como objeto de an\u00e1lisis y reflexi\u00f3n.<\/li>\n  <ul>\n    <li><a href=\"https:\/\/drive.google.com\/file\/d\/16_RZHbk3ssO-sc30YvATY49CF24ODMRZ\/view?usp=sharing\" target=\"_blank\">\ud83d\udcc4 Dise\u00f1o curricular 2012<\/a><\/li>\n    <li><a href=\"https:\/\/drive.google.com\/file\/d\/1ZPnXUhkZJLuFpheU6T1p29sB-EgR-kIJ\/view?usp=sharing\" target=\"_blank\">\ud83d\udcc4 Plan de estudios 2012<\/a><\/li>\n    <li><a href=\"https:\/\/drive.google.com\/file\/d\/1zucS0Rke63NnhJglwFs7UD6AGQekWl7T\/view?usp=sharing\" target=\"_blank\">\ud83d\udcc4 Correlatividades cohortes 2023 en adelante<\/a><\/li>\n    <li><a href=\"https:\/\/drive.google.com\/file\/d\/1pQu8MzzFD2scXDJ_UHd1BCiQwTA2sXVS\/view?usp=sharing\" target=\"_blank\">\ud83d\udcc4 Correlatividades cohortes 2022 y anteriores<\/a><\/li>\n  <\/ul>\n<\/div>\n","protected":false},"excerpt":{"rendered":"<p>Profesorado de Educaci\u00f3n Secundaria en Lengua y Literatura Resoluci\u00f3n: M.E.D N\u00b0 4334\/2012 \u23f3 Duraci\u00f3n: 4 a\u00f1os \ud83c\udf93 T\u00edtulo a otorgar: Profesor\/a de Educaci\u00f3n Secundaria en Lengua y Literatura \ud83d\udd50 Turno: Tarde Normativa Nacional y Jurisdiccional La gesti\u00f3n institucional se enmarca en los lineamientos nacionales propuestos por el Ministerio de Educaci\u00f3n de la Naci\u00f3n, el Consejo [&hellip;]<\/p>\n","protected":false},"author":1,"featured_media":0,"parent":0,"menu_order":0,"comment_status":"closed","ping_status":"closed","template":"","meta":{"footnotes":""},"class_list":["post-581","page","type-page","status-publish","hentry"],"_links":{"self":[{"href":"https:\/\/ipespaulofreire.edu.ar\/web\/wp-json\/wp\/v2\/pages\/581","targetHints":{"allow":["GET"]}}],"collection":[{"href":"https:\/\/ipespaulofreire.edu.ar\/web\/wp-json\/wp\/v2\/pages"}],"about":[{"href":"https:\/\/ipespaulofreire.edu.ar\/web\/wp-json\/wp\/v2\/types\/page"}],"author":[{"embeddable":true,"href":"https:\/\/ipespaulofreire.edu.ar\/web\/wp-json\/wp\/v2\/users\/1"}],"replies":[{"embeddable":true,"href":"https:\/\/ipespaulofreire.edu.ar\/web\/wp-json\/wp\/v2\/comments?post=581"}],"version-history":[{"count":8,"href":"https:\/\/ipespaulofreire.edu.ar\/web\/wp-json\/wp\/v2\/pages\/581\/revisions"}],"predecessor-version":[{"id":1808,"href":"https:\/\/ipespaulofreire.edu.ar\/web\/wp-json\/wp\/v2\/pages\/581\/revisions\/1808"}],"wp:attachment":[{"href":"https:\/\/ipespaulofreire.edu.ar\/web\/wp-json\/wp\/v2\/media?parent=581"}],"curies":[{"name":"wp","href":"https:\/\/api.w.org\/{rel}","templated":true}]}}