{"id":568,"date":"2024-10-02T19:08:43","date_gmt":"2024-10-02T22:08:43","guid":{"rendered":"https:\/\/www.siebenfamily.com\/?page_id=568"},"modified":"2025-09-17T10:19:34","modified_gmt":"2025-09-17T13:19:34","slug":"profesorado-de-educacion-secundaria-en-biologia","status":"publish","type":"page","link":"https:\/\/ipespaulofreire.edu.ar\/web\/profesorado-de-educacion-secundaria-en-biologia\/","title":{"rendered":"Profesorado de Educaci\u00f3n Secundaria en Biolog\u00eda"},"content":{"rendered":"\n<figure class=\"wp-block-image aligncenter size-large is-resized\"><img decoding=\"async\" src=\"https:\/\/ipespaulofreire.edu.ar\/web\/wp-content\/uploads\/2024\/10\/bio.png\" alt=\"\" style=\"width:250px\"\/><\/figure>\n\n\n\n<div style=\"max-width: 800px; margin: auto; font-family: sans-serif; padding: 1rem; line-height: 1.6;\">\n  <h2>Profesorado de Educaci\u00f3n Secundaria en Biolog\u00eda<\/h2>\n\n  <p><strong>Resoluci\u00f3n:<\/strong> M.ED. 3769\/2013<\/p>\n  <p><strong>\ud83c\udf93 T\u00edtulo a otorgar:<\/strong> Profesor\/a de Educaci\u00f3n Secundaria en Biolog\u00eda<\/p>\n  <p><strong>\u23f3 Duraci\u00f3n:<\/strong> 4 a\u00f1os<\/p>\n  <p><strong>\ud83d\udd52 Turno:<\/strong> Vespertino<\/p>\n\n  <h3>Normativa Nacional y Jurisdiccional<\/h3>\n  <p>La gesti\u00f3n institucional se enmarca en los lineamientos nacionales propuestos por el Ministerio de Educaci\u00f3n de la Naci\u00f3n, el Consejo Federal de Educaci\u00f3n, el Instituto Nacional de Formaci\u00f3n Docente, y las Disposiciones, Resoluciones y Decretos Ministeriales:<\/p>\n  <ul>\n    <li>Ley de Educaci\u00f3n Nacional 26.206<\/li>\n    <li>Resoluci\u00f3n CFE N\u00b0 30\/08<\/li>\n    <li>Resoluci\u00f3n CFE N\u00b0 72\/08<\/li>\n    <li>Resoluci\u00f3n M.E.C.C. y T. N\u00b0 1562\/09<\/li>\n    <li>Resoluci\u00f3n M.E.C.C. y T. N\u00b0 0433\/2010<\/li>\n  <\/ul>\n\n  <h3>Perfil del Egresado\/a<\/h3>\n  <p> El\/la egresado\/a del Profesorado de Biolog\u00eda estar\u00e1 en condiciones de:<\/p>\n  <ul>\n<li>Tener un conocimiento amplio de los contenidos disciplinares y ser conscientes de que los mismos no son acabados ni cerrados sino que se hallan en constante revisi\u00f3n y adecuaci\u00f3n.<\/li>  \n<li>Ser capaz de analizar e interpretar los procesorevisi\u00f3ns de ense\u00f1anza que gestionen, a partir de datos contextualizados y objetivos con una mirada autocr\u00edtica que le permitan tomar decisiones aut\u00f3nomas y superadoras.<\/li> \n<li>Ser usuario competente de la lengua oral y escrita, en el marco de la alfabetizaci\u00f3n cient\u00edfica, de manera que pueda participar como ciudadano cr\u00edtico y responsable en un mundo en el que la ciencia y la tecnolog\u00eda juegan un rol fundamental.<\/li> \n<li>Poseer y dominar los criterios para construir estrategias de ense\u00f1anza que respondan a las caracter\u00edsticas de aprendizaje de los alumnos y a la complejidad de los conocimientos disciplinares espec\u00edficos.<\/li> \n<li>Seleccionar cr\u00edticamente y utilizar recursos tradicionales y nuevas tecnolog\u00edas como herramientas potenciadoras de la ense\u00f1anza.<\/li> \n<li>Organizar la ense\u00f1anza a trav\u00e9s de planificaciones que denoten la comprensi\u00f3n de los prop\u00f3sitos y finalidades que la programaci\u00f3n conseguir\u00e1 satisfacer, considerando la selecci\u00f3n y organizaci\u00f3n de contenidos y actividades, la previsi\u00f3n de recursos y la elaboraci\u00f3n de estrategias de ense\u00f1anza y evaluaci\u00f3n.<\/li>  \n<li>Elaborar proyectos \u00e1ulicos y de investigaci\u00f3n en relaci\u00f3n con problem\u00e1ticas institucionales, regionales y nacionales.<\/li> \n<li>Evaluar de forma reflexiva, sistem\u00e1tica, cr\u00edtica y creativa los procesos de ense\u00f1anza y de aprendizaje para comprender lo que sucede en el aula y aprender a mejorar.<\/li>\n<li>Dise\u00f1ar, implementar y ponderar diferentes instrumentos de evaluaci\u00f3n, conociendo sus posibilidades y limitaciones, y responsabiliz\u00e1ndose de sus resultados o efectos.<\/li>\n<li>Comunicar de forma efectiva y sensible los resultados de la evaluaci\u00f3n, de modo que los estudiantes puedan utilizarlos como ocasi\u00f3n de aprendizaje y mejora.<\/li>\n<li>Involucrar activamente a los alumnos en sus aprendizajes para integrar los nuevos conocimientos a los esquemas conceptuales previos.<\/li>  \n<li>Involucrarse con el acontecer cultural, pol\u00edtico, social e hist\u00f3rico, propiciando la formaci\u00f3n de un ciudadano comprometido y responsable de sus acciones.<\/li>  \n<li>Participar en el intercambio y comunicaci\u00f3n con las familias para retroalimentar y contextualizar su propia tarea docente.<\/li>  \n<li>Trabajar cooperativamente con otros docentes para reflexionar y conceptualizar nuevas formas de negociaci\u00f3n de saberes y estrategias de intervenci\u00f3n.<\/li>  \n<li>Concebir a la ciencia como una actividad profundamente humana producto de un proceso hist\u00f3rico y cultural.<\/li> \n<li>Sustentar su aprendizaje en saber sobre la ciencia, saber hacer ciencia y saber comunicar ciencia.<\/li>  \n<li>Ampliar sus esquemas de conocimiento sobre aspectos particulares y paradigm\u00e1ticos de la historia y epistemolog\u00eda de las ciencias.<\/li>\n<li>Involucrar activamente a los alumnos en sus aprendizajes para integrar los nuevos conocimientos a los esquemas conceptuales previos.<\/li>  \n<li>Involucrarse con el acontecer cultural, pol\u00edtico, social e hist\u00f3rico, propiciando la formaci\u00f3n de un ciudadano comprometido y responsable de sus acciones.<\/li>  \n<li>Participar en el intercambio y comunicaci\u00f3n con las familias para retroalimentar y contextualizar su propia tarea docente.<\/li>  \n<li>Trabajar cooperativamente con otros docentes para reflexionar y conceptualizar nuevas formas de negociaci\u00f3n de saberes y estrategias de intervenci\u00f3n.<\/li>  \n<li>Concebir a la ciencia como una actividad profundamente humana producto de un proceso hist\u00f3rico y cultural. <\/li> \n<li>Sustentar su aprendizaje en saber sobre la ciencia, saber hacer ciencia y saber comunicar ciencia.<\/li>  \n<li>Ampliar sus esquemas de conocimiento sobre aspectos particulares y paradigm\u00e1ticos de la historia y epistemolog\u00eda de las ciencias.<\/li>\n  <\/ul>\n<\/br>\n<p>Atendiendo a lo precedente, al t\u00e9rmino de la carrera, el\/la egresado\/a del Profesorado de Biolog\u00eda estar\u00e1 en condiciones de:<\/p>\n<li>Tener un conocimiento amplio de los contenidos disciplinares y ser conscientes de que los mismos no son acabados ni cerrados sino que se hallan en constante revisi\u00f3n y adecuaci\u00f3n.<\/li>\n<li>Ser capaz de analizar e interpretar los procesos de ense\u00f1anza que gestionen, a partir de datos contextualizados y objetivos con una mirada autocr\u00edtica que le permitan tomar decisiones aut\u00f3nomas y superadoras.<\/li>\n<li>Ser usuario competente de la lengua oral y escrita, en el marco de la alfabetizaci\u00f3n cient\u00edfica, de manera que pueda participar como ciudadano cr\u00edtico y responsable en un mundo en el que la ciencia y la tecnolog\u00eda juegan un rol fundamental.<\/li>\n<li>Poseer y dominar los criterios para construir estrategias de ense\u00f1anza que respondan a las caracter\u00edsticas de aprendizaje de los alumnos y a la complejidad de los conocimientos disciplinares espec\u00edficos.<\/li>\n<li>Seleccionar cr\u00edticamente y utilizar recursos tradicionales y nuevas tecnolog\u00edas como herramientas potenciadoras de la ense\u00f1anza.<\/li>\n<li>Organizar la ense\u00f1anza a trav\u00e9s de planificaciones que denoten la comprensi\u00f3n de los prop\u00f3sitos y finalidades que la programaci\u00f3n conseguir\u00e1 satisfacer, considerando la selecci\u00f3n y organizaci\u00f3n de contenidos y actividades, la previsi\u00f3n de recursos y la elaboraci\u00f3n de estrategias de ense\u00f1anza y evaluaci\u00f3n.<\/li>\n<li>Elaborar proyectos \u00e1ulicos y de investigaci\u00f3n en relaci\u00f3n con problem\u00e1ticas institucionales, regionales y nacionales.<\/li>\n<li>Evaluar de forma reflexiva, sistem\u00e1tica, cr\u00edtica y creativa los procesos de ense\u00f1anza y de aprendizaje para comprender lo que sucede en el aula y aprender a mejorar.<\/li>\n<li>Dise\u00f1ar, implementar y ponderar diferentes instrumentos de evaluaci\u00f3n, conociendo sus posibilidades y limitaciones, y responsabiliz\u00e1ndose de sus resultados o efectos.<\/li>\n<li>Comunicar de forma efectiva y sensible los resultados de la evaluaci\u00f3n, de modo que los estudiantes puedan utilizarlos como ocasi\u00f3n de aprendizaje y mejora.<\/li>\n<li>Involucrar activamente a los alumnos en sus aprendizajes para integrar los nuevos conocimientos a los esquemas conceptuales previos.<\/li>\n<li>Involucrarse con el acontecer cultural, pol\u00edtico, social e hist\u00f3rico, propiciando la formaci\u00f3n de un ciudadano comprometido y responsable de sus acciones.<\/li>\n<li>Participar en el intercambio y comunicaci\u00f3n con las familias para retroalimentar y contextualizar su propia tarea docente.<\/li>\n<li>Trabajar cooperativamente con otros docentes para reflexionar y conceptualizar nuevas formas de negociaci\u00f3n de saberes y estrategias de intervenci\u00f3n.<\/li>\n<li>Concebir a la ciencia como una actividad profundamente humana producto de un proceso hist\u00f3rico y cultural.<\/li>\n<li>Sustentar su aprendizaje en saber sobre la ciencia, saber hacer ciencia y saber comunicar ciencia.<\/li>\n<li>Ampliar sus esquemas de conocimiento sobre aspectos particulares y paradigm\u00e1ticos de la historia y epistemolog\u00eda de las ciencias.<\/li>\n<li>Interpretar y emplear diversos lenguajes y fuentes de conocimiento cient\u00edfico reconociendo las dificultades intr\u00ednsecas de su aprendizaje as\u00ed como los posibles modos de ense\u00f1arlos y legitimarlos.<\/li>\n<li>Generar en sus alumnos, desde la interdisciplinaridad, el respeto por la vida y el cuidado del medio ambiente.<\/li>\n<li>Comprender que el conocimiento en Biolog\u00eda es continuamente enriquecido por el producido en otros campos disciplinares, como el de la Matem\u00e1tica, la Qu\u00edmica, la F\u00edsica, la Geolog\u00eda, o la Paleontolog\u00eda, sin desconocer la relevancia de los aportes de las Ciencias Sociales y humanas as\u00ed como de las metadisciplinas como la Epistemolog\u00eda y la Sociolog\u00eda de la Ciencia.<\/li>\n<li>Enfatizar en las actividades experimentales, el trabajo de campo y de laboratorio como una propuesta de trabajo interdisciplinario necesario para lograr la construcci\u00f3n del saber en ciencias.<\/li>\n\n  <ul>\n    <li><a href=\"https:\/\/drive.google.com\/file\/d\/1pUgUb3EGwvt7_zjtaW66UBQzfJx_kAkW\/view?usp=sharing\" target=\"_blank\">\ud83d\udcc4 Dise\u00f1o curricular 2012<\/a><\/li>\n    <li><a href=\"https:\/\/drive.google.com\/file\/d\/1KJbXetmaCK9EO2T_rrW4wW7vz7DnLN1N\/view?usp=sharing\" target=\"_blank\">\ud83d\udcc4 Plan de estudios 2012<\/a><\/li>\n    <li><a href=\"https:\/\/drive.google.com\/file\/d\/1urCKjNqDgRy-z086d3YIKMkR3oW9RC-V\/view?usp=sharing\" target=\"_blank\">\ud83d\udcc4 Correlatividades cohortes 2023 en adelante<\/a><\/li>\n    <li><a href=\"https:\/\/drive.google.com\/file\/d\/1pQu8MzzFD2scXDJ_UHd1BCiQwTA2sXVS\/view?usp=sharing\" target=\"_blank\">\ud83d\udcc4 Correlatividades cohortes 2022 y anteriores<\/a><\/li>\n  <\/ul>\n\n\n<\/div>\n","protected":false},"excerpt":{"rendered":"<p>Profesorado de Educaci\u00f3n Secundaria en Biolog\u00eda Resoluci\u00f3n: M.ED. 3769\/2013 \ud83c\udf93 T\u00edtulo a otorgar: Profesor\/a de Educaci\u00f3n Secundaria en Biolog\u00eda \u23f3 Duraci\u00f3n: 4 a\u00f1os \ud83d\udd52 Turno: Vespertino Normativa Nacional y Jurisdiccional La gesti\u00f3n institucional se enmarca en los lineamientos nacionales propuestos por el Ministerio de Educaci\u00f3n de la Naci\u00f3n, el Consejo Federal de Educaci\u00f3n, el Instituto [&hellip;]<\/p>\n","protected":false},"author":1,"featured_media":0,"parent":0,"menu_order":0,"comment_status":"closed","ping_status":"closed","template":"","meta":{"footnotes":""},"class_list":["post-568","page","type-page","status-publish","hentry"],"_links":{"self":[{"href":"https:\/\/ipespaulofreire.edu.ar\/web\/wp-json\/wp\/v2\/pages\/568","targetHints":{"allow":["GET"]}}],"collection":[{"href":"https:\/\/ipespaulofreire.edu.ar\/web\/wp-json\/wp\/v2\/pages"}],"about":[{"href":"https:\/\/ipespaulofreire.edu.ar\/web\/wp-json\/wp\/v2\/types\/page"}],"author":[{"embeddable":true,"href":"https:\/\/ipespaulofreire.edu.ar\/web\/wp-json\/wp\/v2\/users\/1"}],"replies":[{"embeddable":true,"href":"https:\/\/ipespaulofreire.edu.ar\/web\/wp-json\/wp\/v2\/comments?post=568"}],"version-history":[{"count":16,"href":"https:\/\/ipespaulofreire.edu.ar\/web\/wp-json\/wp\/v2\/pages\/568\/revisions"}],"predecessor-version":[{"id":1918,"href":"https:\/\/ipespaulofreire.edu.ar\/web\/wp-json\/wp\/v2\/pages\/568\/revisions\/1918"}],"wp:attachment":[{"href":"https:\/\/ipespaulofreire.edu.ar\/web\/wp-json\/wp\/v2\/media?parent=568"}],"curies":[{"name":"wp","href":"https:\/\/api.w.org\/{rel}","templated":true}]}}