{"id":468,"date":"2024-09-26T19:56:51","date_gmt":"2024-09-26T22:56:51","guid":{"rendered":"https:\/\/www.siebenfamily.com\/?page_id=468"},"modified":"2025-06-25T18:33:44","modified_gmt":"2025-06-25T21:33:44","slug":"galeria-de-arte","status":"publish","type":"page","link":"https:\/\/ipespaulofreire.edu.ar\/web\/galeria-de-arte\/","title":{"rendered":"Galer\u00eda de Arte Nin\u00ed Bernardello"},"content":{"rendered":"\n\n<div class=\"wp-block-group alignwide post-galeria has-blue-50-background-color has-background is-layout-flow wp-block-group-is-layout-flow\" style=\"padding-top:2rem;padding-bottom:2rem;\">\n\n    \n    <p class=\"has-black-color has-text-color\" style=\"font-size:clamp(0.875rem, 0.875rem + ((1vw - 0.2rem) * 0.36), 1.1rem);\">\n        Nuestra Galer\u00eda nace como homenaje a una poeta que, sin ser oriunda de nacimiento de nuestra ciudad, ha dado una identidad sensible y trascendente a nuestra fueguinidad y, c\u00f3mo no, a la propia vida de aquellos que consagramos nuestra vida profesional a educar a nuestros ni\u00f1os, ni\u00f1as y adolescentes.\n    <\/p>\n    \n\n    \n    <p class=\"has-black-color has-text-color\" style=\"font-size:clamp(0.875rem, 0.875rem + ((1vw - 0.2rem) * 0.36), 1.1rem);\">\n        El eco de la poes\u00eda de Nin\u00ed resuena en nuestra galer\u00eda multiplic\u00e1ndose en la permanente invitaci\u00f3n a nuestros artistas locales a mostrar sus obras, cuya curadur\u00eda se da en el cruce entre la sensibilidad art\u00edstica de sus autores y las inquietudes propias de la formaci\u00f3n profesional, pudiendo enredarse y dar lugar a que la poes\u00eda nos permita mirar la docencia desde un lugar \u00e9tico y est\u00e9tico.\n    <\/p>\n    \n\n<\/div>\n\n\n","protected":false},"excerpt":{"rendered":"","protected":false},"author":1,"featured_media":0,"parent":0,"menu_order":0,"comment_status":"closed","ping_status":"closed","template":"","meta":{"footnotes":""},"class_list":["post-468","page","type-page","status-publish","hentry"],"_links":{"self":[{"href":"https:\/\/ipespaulofreire.edu.ar\/web\/wp-json\/wp\/v2\/pages\/468","targetHints":{"allow":["GET"]}}],"collection":[{"href":"https:\/\/ipespaulofreire.edu.ar\/web\/wp-json\/wp\/v2\/pages"}],"about":[{"href":"https:\/\/ipespaulofreire.edu.ar\/web\/wp-json\/wp\/v2\/types\/page"}],"author":[{"embeddable":true,"href":"https:\/\/ipespaulofreire.edu.ar\/web\/wp-json\/wp\/v2\/users\/1"}],"replies":[{"embeddable":true,"href":"https:\/\/ipespaulofreire.edu.ar\/web\/wp-json\/wp\/v2\/comments?post=468"}],"version-history":[{"count":3,"href":"https:\/\/ipespaulofreire.edu.ar\/web\/wp-json\/wp\/v2\/pages\/468\/revisions"}],"predecessor-version":[{"id":1436,"href":"https:\/\/ipespaulofreire.edu.ar\/web\/wp-json\/wp\/v2\/pages\/468\/revisions\/1436"}],"wp:attachment":[{"href":"https:\/\/ipespaulofreire.edu.ar\/web\/wp-json\/wp\/v2\/media?parent=468"}],"curies":[{"name":"wp","href":"https:\/\/api.w.org\/{rel}","templated":true}]}}