{"id":1466,"date":"2025-06-26T19:15:21","date_gmt":"2025-06-26T22:15:21","guid":{"rendered":"https:\/\/www.siebenfamily.com\/?page_id=1466"},"modified":"2025-08-07T19:11:36","modified_gmt":"2025-08-07T22:11:36","slug":"rectorado","status":"publish","type":"page","link":"https:\/\/ipespaulofreire.edu.ar\/web\/rectorado\/","title":{"rendered":"Rectorado"},"content":{"rendered":"\n<figure class=\"wp-block-image aligncenter size-large is-resized\"><img decoding=\"async\" src=\"https:\/\/ipespaulofreire.edu.ar\/web\/wp-content\/uploads\/2024\/09\/freire-1024x999.jpg\" alt=\"\" style=\"width:302px;height:auto\"\/><\/figure>\n\n\n\n<div class=\"wp-block-group alignwide post-rectorado has-blue-50-background-color has-background is-layout-flow wp-block-group-is-layout-flow\" style=\"padding-top:2rem;padding-bottom:2rem;\">\n\n    \n    <p class=\"has-black-color has-text-color\" style=\"font-size:clamp(0.875rem, 0.875rem + ((1vw - 0.2rem) * 0.36), 1.1rem);\">\n        El Rectorado es la unidad encargada de conducir y gestionar tanto los aspectos acad\u00e9micos como administrativos de la instituci\u00f3n, present\u00e1ndola ante la comunidad educativa y la sociedad en general. Su labor fundamental es promover una construcci\u00f3n colaborativa y participativa del proyecto institucional, involucrando activamente a todos los estamentos y colectivos que conforman el instituto.\n    <\/p>\n    \n\n    \n    <p class=\"has-black-color has-text-color\" style=\"font-size:clamp(0.875rem, 0.875rem + ((1vw - 0.2rem) * 0.36), 1.1rem);\">\n        Integrado por el Rector o Rectora y el equipo de Vicerrectores, el Rectorado impulsa y supervisa el funcionamiento eficaz de los \u00f3rganos colegiados, favoreciendo un ambiente de di\u00e1logo, consenso y colaboraci\u00f3n interna y externa. Asimismo, vela por la articulaci\u00f3n fluida y permanente entre los diferentes departamentos y \u00e1reas de gesti\u00f3n, asegurando coherencia institucional y el cumplimiento efectivo de las pol\u00edticas establecidas para el Nivel Superior por el Ministerio de Educaci\u00f3n.\n    <\/p>\n    \n\n    \n    <h3 class=\"wp-block-heading\">Responsabilidades principales<\/h3>\n    \n\n    \n    <ul class=\"wp-block-list\">\n        <li>Promover acciones de Formaci\u00f3n Docente Permanente.<\/li>\n        <li>Impulsar actividades de extensi\u00f3n educativa.<\/li>\n        <li>Fomentar y coordinar la investigaci\u00f3n educativa.<\/li>\n    <\/ul>\n    \n\n<\/div>\n","protected":false},"excerpt":{"rendered":"<p>El Rectorado es la unidad encargada de conducir y gestionar tanto los aspectos acad\u00e9micos como administrativos de la instituci\u00f3n, present\u00e1ndola ante la comunidad educativa y la sociedad en general. Su labor fundamental es promover una construcci\u00f3n colaborativa y participativa del proyecto institucional, involucrando activamente a todos los estamentos y colectivos que conforman el instituto. Integrado [&hellip;]<\/p>\n","protected":false},"author":1,"featured_media":0,"parent":0,"menu_order":0,"comment_status":"closed","ping_status":"closed","template":"","meta":{"footnotes":""},"class_list":["post-1466","page","type-page","status-publish","hentry"],"_links":{"self":[{"href":"https:\/\/ipespaulofreire.edu.ar\/web\/wp-json\/wp\/v2\/pages\/1466","targetHints":{"allow":["GET"]}}],"collection":[{"href":"https:\/\/ipespaulofreire.edu.ar\/web\/wp-json\/wp\/v2\/pages"}],"about":[{"href":"https:\/\/ipespaulofreire.edu.ar\/web\/wp-json\/wp\/v2\/types\/page"}],"author":[{"embeddable":true,"href":"https:\/\/ipespaulofreire.edu.ar\/web\/wp-json\/wp\/v2\/users\/1"}],"replies":[{"embeddable":true,"href":"https:\/\/ipespaulofreire.edu.ar\/web\/wp-json\/wp\/v2\/comments?post=1466"}],"version-history":[{"count":5,"href":"https:\/\/ipespaulofreire.edu.ar\/web\/wp-json\/wp\/v2\/pages\/1466\/revisions"}],"predecessor-version":[{"id":1784,"href":"https:\/\/ipespaulofreire.edu.ar\/web\/wp-json\/wp\/v2\/pages\/1466\/revisions\/1784"}],"wp:attachment":[{"href":"https:\/\/ipespaulofreire.edu.ar\/web\/wp-json\/wp\/v2\/media?parent=1466"}],"curies":[{"name":"wp","href":"https:\/\/api.w.org\/{rel}","templated":true}]}}