{"id":143,"date":"2024-09-26T19:55:48","date_gmt":"2024-09-26T22:55:48","guid":{"rendered":"https:\/\/www.siebenfamily.com\/?page_id=143"},"modified":"2025-09-03T20:05:25","modified_gmt":"2025-09-03T23:05:25","slug":"semana-freireana","status":"publish","type":"page","link":"https:\/\/ipespaulofreire.edu.ar\/web\/semana-freireana\/","title":{"rendered":"Semana Freireana"},"content":{"rendered":"\n<p>La Semana Freireana forma parte de la identidad de nuestra Instituci\u00f3n, replicando y repensando el esp\u00edritu freireano en una jornada donde los roles cl\u00e1sicos de la formaci\u00f3n docente se ven trastocados.<\/p>\n\n\n\n<p>Se busca que nuestros docentes y estudiantes, junto con la comunidad educativa de la ciudad, puedan construir encuentros, talleres y actividades que nos inviten a pensar los procesos educativos de manera cr\u00edtica, apelando a la creatividad de todos quienes transitamos cotidianamente el instituto.<\/p>\n\n\n\n<p>Cabe destacar que a\u00f1o a a\u00f1o nuestras propuestas se enriquecen tambi\u00e9n con destacados intelectuales de diversas \u00e1reas tem\u00e1ticas que suman sus voces e ideas para hacer de estas jornadas una celebraci\u00f3n de la formaci\u00f3n docente como un camino para transformar la realidad.<\/p>\n\n\n<style type=\"text\/css\" scoped>.rbs_gallery_69e63b089d9e9Spinner{\n\t\t\t\tmargin: 50px auto;\n\t\t\t\twidth: 50px;\n\t\t\t\theight: 40px;\n\t\t\t\ttext-align: center;\n\t\t\t\tfont-size: 10px;\n\t\t\t}\n\t\t\t.rbs_gallery_69e63b089d9e9Spinner > div{\n\t\t\t  background-color: #333;\n\t\t\t  height: 100%;\n\t\t\t  width: 6px;\n\t\t\t  display: inline-block;\n\t\t\t  -webkit-animation: rbs_gallery_69e63b089d9e9-stretchdelay 1.2s infinite ease-in-out;\n\t\t\t  animation: rbs_gallery_69e63b089d9e9-stretchdelay 1.2s infinite ease-in-out;\n\t\t\t}\n\t\t\t.rbs_gallery_69e63b089d9e9Spinner .rbs_gallery_69e63b089d9e9Rect2 {\n\t\t\t  -webkit-animation-delay: -1.1s;\n\t\t\t  animation-delay: -1.1s;\n\t\t\t}\n\t\t\t.rbs_gallery_69e63b089d9e9Spinner .rbs_gallery_69e63b089d9e9Rect3 {\n\t\t\t  -webkit-animation-delay: -1.0s;\n\t\t\t  animation-delay: -1.0s;\n\t\t\t}\n\t\t\t.rbs_gallery_69e63b089d9e9Spinner .rbs_gallery_69e63b089d9e9Rect4 {\n\t\t\t  -webkit-animation-delay: -0.9s;\n\t\t\t  animation-delay: -0.9s;\n\t\t\t}\n\t\t\t.rbs_gallery_69e63b089d9e9Spinner .rbs_gallery_69e63b089d9e9Rect5 {\n\t\t\t  -webkit-animation-delay: -0.8s;\n\t\t\t  animation-delay: -0.8s;\n\t\t\t}\n\t\t\t@-webkit-keyframes rbs_gallery_69e63b089d9e9-stretchdelay {\n\t\t\t  0%, 40%, 100% { -webkit-transform: scaleY(0.4) }  \n\t\t\t  20% { -webkit-transform: scaleY(1.0) }\n\t\t\t}\n\t\t\t@keyframes rbs_gallery_69e63b089d9e9-stretchdelay {\n\t\t\t  0%, 40%, 100% { \n\t\t\t    transform: scaleY(0.4);\n\t\t\t    -webkit-transform: scaleY(0.4);\n\t\t\t  }  20% { \n\t\t\t    transform: scaleY(1.0);\n\t\t\t    -webkit-transform: scaleY(1.0);\n\t\t\t  }\n\t\t\t}\n\t\t<\/style><div class=\"robo-gallery-wrap robo-gallery-wrap-id1575 robo-gallery-masonry\" ><div id=\"rbs_gallery_69e63b089d9e9-block-loader\" class=\"rbs_gallery_69e63b089d9e9Spinner\"><div class=\"rbs_gallery_69e63b089d9e9Rect1\"><\/div> <div class=\"rbs_gallery_69e63b089d9e9Rect2\"><\/div> <div class=\"rbs_gallery_69e63b089d9e9Rect3\"><\/div> <div class=\"rbs_gallery_69e63b089d9e9Rect4\"><\/div> <div class=\"rbs_gallery_69e63b089d9e9Rect5\"><\/div><\/div><div id=\"robo_gallery_main_block_rbs_gallery_69e63b089d9e9\" class=\"robogallery-gallery-1575\" style=\"width:100%;margin:0 auto;padding-left:10px;padding-right:10px;  display: none;\"><div id=\"rbs_gallery_69e63b089d9e9\" data-options=\"rbs_gallery_69e63b089d9e9\" style=\"width:100%;\" class=\"robo_gallery  \"><div class=\"rbs-img  category1575 \" ><div class=\"rbs-img-image   rbs-lightbox \" ><div class=\"rbs-img-thumbs\"  data-thumbnail=\"https:\/\/ipespaulofreire.edu.ar\/web\/wp-content\/uploads\/2025\/08\/sf2012.jpg\"  title=\"\"  data-width=\"509\"  data-height=\"601\" ><\/div><div class=\"rbs-img-data-popup\"  data-popup=\"https:\/\/ipespaulofreire.edu.ar\/web\/wp-content\/uploads\/2025\/08\/sf2012.jpg\"  title=\"\" ><\/div><div class=\"thumbnail-overlay\"><div class=\"rbsIcons\"><i class=\"fa fa-image rbsZoomIcon \" ><\/i><\/div><\/div><\/div><\/div><div class=\"rbs-img  category1575 \" ><div class=\"rbs-img-image   rbs-lightbox \" ><div class=\"rbs-img-thumbs\"  data-thumbnail=\"https:\/\/ipespaulofreire.edu.ar\/web\/wp-content\/uploads\/2025\/08\/sf2014.jpg\"  title=\"\"  data-width=\"508\"  data-height=\"720\" ><\/div><div class=\"rbs-img-data-popup\"  data-popup=\"https:\/\/ipespaulofreire.edu.ar\/web\/wp-content\/uploads\/2025\/08\/sf2014.jpg\"  title=\"\" ><\/div><div class=\"thumbnail-overlay\"><div class=\"rbsIcons\"><i class=\"fa fa-image rbsZoomIcon \" ><\/i><\/div><\/div><\/div><\/div><div class=\"rbs-img  category1575 \" ><div class=\"rbs-img-image   rbs-lightbox \" ><div class=\"rbs-img-thumbs\"  data-thumbnail=\"https:\/\/ipespaulofreire.edu.ar\/web\/wp-content\/uploads\/2025\/08\/sf2015.png\"  title=\"\"  data-width=\"399\"  data-height=\"563\" ><\/div><div class=\"rbs-img-data-popup\"  data-popup=\"https:\/\/ipespaulofreire.edu.ar\/web\/wp-content\/uploads\/2025\/08\/sf2015.png\"  title=\"\" ><\/div><div class=\"thumbnail-overlay\"><div class=\"rbsIcons\"><i class=\"fa fa-image rbsZoomIcon \" ><\/i><\/div><\/div><\/div><\/div><div class=\"rbs-img  category1575 \" ><div class=\"rbs-img-image   rbs-lightbox \" ><div class=\"rbs-img-thumbs\"  data-thumbnail=\"https:\/\/ipespaulofreire.edu.ar\/web\/wp-content\/uploads\/2025\/08\/sf2016.jpg\"  title=\"\"  data-width=\"1243\"  data-height=\"2048\" ><\/div><div class=\"rbs-img-data-popup\"  data-popup=\"https:\/\/ipespaulofreire.edu.ar\/web\/wp-content\/uploads\/2025\/08\/sf2016.jpg\"  title=\"\" ><\/div><div class=\"thumbnail-overlay\"><div class=\"rbsIcons\"><i class=\"fa fa-image rbsZoomIcon \" ><\/i><\/div><\/div><\/div><\/div><div class=\"rbs-img  category1575 \" ><div class=\"rbs-img-image   rbs-lightbox \" ><div class=\"rbs-img-thumbs\"  data-thumbnail=\"https:\/\/ipespaulofreire.edu.ar\/web\/wp-content\/uploads\/2025\/08\/sf2017.jpeg\"  title=\"\"  data-width=\"1128\"  data-height=\"1600\" ><\/div><div class=\"rbs-img-data-popup\"  data-popup=\"https:\/\/ipespaulofreire.edu.ar\/web\/wp-content\/uploads\/2025\/08\/sf2017.jpeg\"  title=\"\" ><\/div><div class=\"thumbnail-overlay\"><div class=\"rbsIcons\"><i class=\"fa fa-image rbsZoomIcon \" ><\/i><\/div><\/div><\/div><\/div><div class=\"rbs-img  category1575 \" ><div class=\"rbs-img-image   rbs-lightbox \" ><div class=\"rbs-img-thumbs\"  data-thumbnail=\"https:\/\/ipespaulofreire.edu.ar\/web\/wp-content\/uploads\/2025\/08\/sf2018.jpeg\"  title=\"\"  data-width=\"726\"  data-height=\"960\" ><\/div><div class=\"rbs-img-data-popup\"  data-popup=\"https:\/\/ipespaulofreire.edu.ar\/web\/wp-content\/uploads\/2025\/08\/sf2018.jpeg\"  title=\"\" ><\/div><div class=\"thumbnail-overlay\"><div class=\"rbsIcons\"><i class=\"fa fa-image rbsZoomIcon \" ><\/i><\/div><\/div><\/div><\/div><div class=\"rbs-img  category1575 \" ><div class=\"rbs-img-image   rbs-lightbox \" ><div class=\"rbs-img-thumbs\"  data-thumbnail=\"https:\/\/ipespaulofreire.edu.ar\/web\/wp-content\/uploads\/2025\/08\/sf2019-1024x1024.jpeg\"  title=\"\"  data-width=\"1024\"  data-height=\"1024\" ><\/div><div class=\"rbs-img-data-popup\"  data-popup=\"https:\/\/ipespaulofreire.edu.ar\/web\/wp-content\/uploads\/2025\/08\/sf2019.jpeg\"  title=\"\" ><\/div><div class=\"thumbnail-overlay\"><div class=\"rbsIcons\"><i class=\"fa fa-image rbsZoomIcon \" ><\/i><\/div><\/div><\/div><\/div><div class=\"rbs-img  category1575 \" ><div class=\"rbs-img-image   rbs-lightbox \" ><div class=\"rbs-img-thumbs\"  data-thumbnail=\"https:\/\/ipespaulofreire.edu.ar\/web\/wp-content\/uploads\/2025\/08\/sf2020.jpeg\"  title=\"\"  data-width=\"1132\"  data-height=\"1600\" ><\/div><div class=\"rbs-img-data-popup\"  data-popup=\"https:\/\/ipespaulofreire.edu.ar\/web\/wp-content\/uploads\/2025\/08\/sf2020.jpeg\"  title=\"\" ><\/div><div class=\"thumbnail-overlay\"><div class=\"rbsIcons\"><i class=\"fa fa-image rbsZoomIcon \" ><\/i><\/div><\/div><\/div><\/div><div class=\"rbs-img  category1575 \" ><div class=\"rbs-img-image   rbs-lightbox \" ><div class=\"rbs-img-thumbs\"  data-thumbnail=\"https:\/\/ipespaulofreire.edu.ar\/web\/wp-content\/uploads\/2025\/08\/sf2021.jpeg\"  title=\"\"  data-width=\"1138\"  data-height=\"1600\" ><\/div><div class=\"rbs-img-data-popup\"  data-popup=\"https:\/\/ipespaulofreire.edu.ar\/web\/wp-content\/uploads\/2025\/08\/sf2021.jpeg\"  title=\"\" ><\/div><div class=\"thumbnail-overlay\"><div class=\"rbsIcons\"><i class=\"fa fa-image rbsZoomIcon \" ><\/i><\/div><\/div><\/div><\/div><div class=\"rbs-img  category1575 \" ><div class=\"rbs-img-image   rbs-lightbox \" ><div class=\"rbs-img-thumbs\"  data-thumbnail=\"https:\/\/ipespaulofreire.edu.ar\/web\/wp-content\/uploads\/2025\/08\/sf2022.jpeg\"  title=\"\"  data-width=\"1200\"  data-height=\"850\" ><\/div><div class=\"rbs-img-data-popup\"  data-popup=\"https:\/\/ipespaulofreire.edu.ar\/web\/wp-content\/uploads\/2025\/08\/sf2022.jpeg\"  title=\"\" ><\/div><div class=\"thumbnail-overlay\"><div class=\"rbsIcons\"><i class=\"fa fa-image rbsZoomIcon \" ><\/i><\/div><\/div><\/div><\/div><div class=\"rbs-img  category1575 \" ><div class=\"rbs-img-image   rbs-lightbox \" ><div class=\"rbs-img-thumbs\"  data-thumbnail=\"https:\/\/ipespaulofreire.edu.ar\/web\/wp-content\/uploads\/2025\/08\/sf2023.jpeg\"  title=\"\"  data-width=\"992\"  data-height=\"686\" ><\/div><div class=\"rbs-img-data-popup\"  data-popup=\"https:\/\/ipespaulofreire.edu.ar\/web\/wp-content\/uploads\/2025\/08\/sf2023.jpeg\"  title=\"\" ><\/div><div class=\"thumbnail-overlay\"><div class=\"rbsIcons\"><i class=\"fa fa-image rbsZoomIcon \" ><\/i><\/div><\/div><\/div><\/div><div class=\"rbs-img  category1575 \" ><div class=\"rbs-img-image   rbs-lightbox \" ><div class=\"rbs-img-thumbs\"  data-thumbnail=\"https:\/\/ipespaulofreire.edu.ar\/web\/wp-content\/uploads\/2025\/08\/sf2024.jpeg\"  title=\"\"  data-width=\"1080\"  data-height=\"1080\" ><\/div><div class=\"rbs-img-data-popup\"  data-popup=\"https:\/\/ipespaulofreire.edu.ar\/web\/wp-content\/uploads\/2025\/08\/sf2024.jpeg\"  title=\"\" ><\/div><div class=\"thumbnail-overlay\"><div class=\"rbsIcons\"><i class=\"fa fa-image rbsZoomIcon \" ><\/i><\/div><\/div><\/div><\/div><\/div><\/div><\/div><script>var rbs_gallery_69e63b089d9e9 = {\"version\":\"5.1.4\",\"id\":1575,\"class\":\"id1575\",\"roboGalleryDelay\":1000,\"mainContainer\":\"#robo_gallery_main_block_rbs_gallery_69e63b089d9e9\",\"loadingContainer\":\"#rbs_gallery_69e63b089d9e9-block-loader\",\"loadingContainerObj\":\"rbs_gallery_69e63b089d9e9-block-loader\",\"columnWidth\":\"auto\",\"columns\":8,\"resolutions\":[{\"columnWidth\":\"auto\",\"columns\":3,\"maxWidth\":960},{\"columnWidth\":\"auto\",\"columns\":2,\"maxWidth\":650},{\"columnWidth\":\"auto\",\"columns\":1,\"maxWidth\":450}],\"lightboxOptions\":{\"gallery\":{\"enabled\":true,\"tCounter\":\"%curr% of %total%\"}},\"borderSize\":5,\"overlayEffect\":\"direction-aware-fade\",\"boxesToLoadStart\":20,\"boxesToLoad\":8,\"waitUntilThumbLoads\":1,\"LoadingWord\":\"Loading...\",\"loadMoreWord\":\"Load More\",\"noMoreEntriesWord\":\"No More Entries\",\"horizontalSpaceBetweenBoxes\":15,\"verticalSpaceBetweenBoxes\":15,\"lazyLoad\":1,\"wrapContainer\":\"#robo-gallery-wrap-rbs_gallery_69e63b089d9e9\"};<\/script>\n\n\n\n<div style=\"overflow-x: auto;\">\n  <div style=\"text-align: center; font-family: 'Times New Roman', serif; font-size: 12pt; margin-bottom: 0.5em;\">\n    <strong><em>Historial de la Semana Freireana<\/em><\/strong>\n  <\/div>\n  <table style=\"width: 100%; border-collapse: collapse; font-family: 'Times New Roman', serif; font-size: 12pt;\">\n    <thead>\n      <tr style=\"background-color: #d9d9d9;\">\n        <th style=\"padding: 8px; text-align: center;\">A\u00f1o<\/th>\n        <th style=\"padding: 8px; text-align: center;\">Edici\u00f3n<\/th>\n        <th style=\"padding: 8px; text-align: center;\">Tema<\/th>\n      <\/tr>\n    <\/thead>\n    <tbody>\n      <tr style=\"background-color: #ffffff;\"><td style=\"padding: 8px; text-align: center;\">2011<\/td><td style=\"padding: 8px; text-align: center;\">1\u00aa edici\u00f3n<\/td><td style=\"padding: 8px; text-align: left;\"><\/td><\/tr>\n      <tr style=\"background-color: #f5f5f5;\"><td style=\"padding: 8px; text-align: center;\">2012<\/td><td style=\"padding: 8px; text-align: center;\">2\u00aa edici\u00f3n<\/td><td style=\"padding: 8px; text-align: left;\"><\/td><\/tr>\n      <tr style=\"background-color: #ffffff;\"><td style=\"padding: 8px; text-align: center;\">2013<\/td><td style=\"padding: 8px; text-align: center;\">3\u00aa edici\u00f3n<\/td><td style=\"padding: 8px; text-align: left;\">Democracia y Memoria<\/td><\/tr>\n      <tr style=\"background-color: #f5f5f5;\"><td style=\"padding: 8px; text-align: center;\">2014<\/td><td style=\"padding: 8px; text-align: center;\">4\u00aa edici\u00f3n<\/td><td style=\"padding: 8px; text-align: left;\">La alfabetizaci\u00f3n como derecho y la escuela como garante<\/td><\/tr>\n      <tr style=\"background-color: #ffffff;\"><td style=\"padding: 8px; text-align: center;\">2015<\/td><td style=\"padding: 8px; text-align: center;\">5\u00aa edici\u00f3n<\/td><td style=\"padding: 8px; text-align: left;\">Creando entornos inclusivos para una sociedad m\u00e1s justa<\/td><\/tr>\n      <tr style=\"background-color: #f5f5f5;\"><td style=\"padding: 8px; text-align: center;\">2016<\/td><td style=\"padding: 8px; text-align: center;\">6\u00aa edici\u00f3n<\/td><td style=\"padding: 8px; text-align: left;\">Lectura y escritura como pr\u00e1cticas socioculturales en el bicentenario de la patria<\/td><\/tr>\n      <tr style=\"background-color: #ffffff;\"><td style=\"padding: 8px; text-align: center;\">2017<\/td><td style=\"padding: 8px; text-align: center;\">7\u00aa edici\u00f3n<\/td><td style=\"padding: 8px; text-align: left;\">El acto pol\u00edtico de educar<\/td><\/tr>\n      <tr style=\"background-color: #f5f5f5;\"><td style=\"padding: 8px; text-align: center;\">2018<\/td><td style=\"padding: 8px; text-align: center;\">8\u00aa edici\u00f3n<\/td><td style=\"padding: 8px; text-align: left;\">La escuela p\u00fablica en la construcci\u00f3n de una sociedad m\u00e1s justa<\/td><\/tr>\n      <tr style=\"background-color: #ffffff;\"><td style=\"padding: 8px; text-align: center;\">2019<\/td><td style=\"padding: 8px; text-align: center;\">9\u00aa edici\u00f3n<\/td><td style=\"padding: 8px; text-align: left;\">Construyendo futuro desde la formaci\u00f3n docente<\/td><\/tr>\n      <tr style=\"background-color: #f5f5f5;\"><td style=\"padding: 8px; text-align: center;\">2020<\/td><td style=\"padding: 8px; text-align: center;\">10\u00aa edici\u00f3n<\/td><td style=\"padding: 8px; text-align: left;\">Educaci\u00f3n: nuevos escenarios, continuidades y rupturas<\/td><\/tr>\n      <tr style=\"background-color: #ffffff;\"><td style=\"padding: 8px; text-align: center;\">2021<\/td><td style=\"padding: 8px; text-align: center;\">11\u00aa edici\u00f3n<\/td><td style=\"padding: 8px; text-align: left;\">Nuevos sentidos del legado freireano, para volver a pensar(nos) en el contexto actual<\/td><\/tr>\n      <tr style=\"background-color: #f5f5f5;\"><td style=\"padding: 8px; text-align: center;\">2022<\/td><td style=\"padding: 8px; text-align: center;\">12\u00aa edici\u00f3n<\/td><td style=\"padding: 8px; text-align: left;\">Derechos de la naturaleza y \u00e9tica ambiental: construyendo valores y garant\u00edas para u<\/td><\/tr>\n      <tr style=\"background-color: #ffffff;\"><td style=\"padding: 8px; text-align: center;\">2023<\/td><td style=\"padding: 8px; text-align: center;\">13\u00aa edici\u00f3n<\/td><td style=\"padding: 8px; text-align: left;\">Encuentro entre el juego y la palabra en el acto de educar<\/td><\/tr>\n      <tr style=\"background-color: #f5f5f5;\"><td style=\"padding: 8px; text-align: center;\">2024<\/td><td style=\"padding: 8px; text-align: center;\">14\u00aa edici\u00f3n<\/td><td style=\"padding: 8px; text-align: left;\">Recursos did\u00e1cticos: desaf\u00edos y oportunidades para mediar la ense\u00f1anza<\/td><\/tr>\n      <tr style=\"background-color: #ffffff;\"><td style=\"padding: 8px; text-align: center;\">2025<\/td><td style=\"padding: 8px; text-align: center;\">15\u00aa edici\u00f3n<\/td><td style=\"padding: 8px; text-align: left;\">\u00bfQui\u00e9nes ense\u00f1amos y aprendemos en tiempos de abundancia digital? Hacia los nuevos debates sobre la alfabetizaci\u00f3n, construcci\u00f3n de subjetividades y preguntas sobre la(s) did\u00e1ctica(s) contempor\u00e1nea(s).<\/td><\/tr>\n    <\/tbody>\n  <\/table>\n<\/div>\n\n\n\n<p><\/p>\n","protected":false},"excerpt":{"rendered":"<p>La Semana Freireana forma parte de la identidad de nuestra Instituci\u00f3n, replicando y repensando el esp\u00edritu freireano en una jornada donde los roles cl\u00e1sicos de la formaci\u00f3n docente se ven trastocados. Se busca que nuestros docentes y estudiantes, junto con la comunidad educativa de la ciudad, puedan construir encuentros, talleres y actividades que nos inviten [&hellip;]<\/p>\n","protected":false},"author":1,"featured_media":0,"parent":0,"menu_order":0,"comment_status":"closed","ping_status":"closed","template":"","meta":{"footnotes":""},"class_list":["post-143","page","type-page","status-publish","hentry"],"_links":{"self":[{"href":"https:\/\/ipespaulofreire.edu.ar\/web\/wp-json\/wp\/v2\/pages\/143","targetHints":{"allow":["GET"]}}],"collection":[{"href":"https:\/\/ipespaulofreire.edu.ar\/web\/wp-json\/wp\/v2\/pages"}],"about":[{"href":"https:\/\/ipespaulofreire.edu.ar\/web\/wp-json\/wp\/v2\/types\/page"}],"author":[{"embeddable":true,"href":"https:\/\/ipespaulofreire.edu.ar\/web\/wp-json\/wp\/v2\/users\/1"}],"replies":[{"embeddable":true,"href":"https:\/\/ipespaulofreire.edu.ar\/web\/wp-json\/wp\/v2\/comments?post=143"}],"version-history":[{"count":19,"href":"https:\/\/ipespaulofreire.edu.ar\/web\/wp-json\/wp\/v2\/pages\/143\/revisions"}],"predecessor-version":[{"id":1909,"href":"https:\/\/ipespaulofreire.edu.ar\/web\/wp-json\/wp\/v2\/pages\/143\/revisions\/1909"}],"wp:attachment":[{"href":"https:\/\/ipespaulofreire.edu.ar\/web\/wp-json\/wp\/v2\/media?parent=143"}],"curies":[{"name":"wp","href":"https:\/\/api.w.org\/{rel}","templated":true}]}}