{"id":129,"date":"2024-09-26T19:01:15","date_gmt":"2024-09-26T22:01:15","guid":{"rendered":"https:\/\/www.siebenfamily.com\/?page_id=129"},"modified":"2025-08-18T18:36:14","modified_gmt":"2025-08-18T21:36:14","slug":"nuestras-carreras","status":"publish","type":"page","link":"https:\/\/ipespaulofreire.edu.ar\/web\/nuestras-carreras\/","title":{"rendered":"Nuestras Carreras"},"content":{"rendered":"\n<div class=\"wp-block-columns is-layout-flex wp-container-core-columns-is-layout-28f84493 wp-block-columns-is-layout-flex\">\n<div class=\"wp-block-column is-vertically-aligned-top is-layout-flow wp-block-column-is-layout-flow\">\n<figure class=\"wp-block-image aligncenter size-full is-resized\"><img loading=\"lazy\" decoding=\"async\" width=\"4204\" height=\"4080\" src=\"https:\/\/ipespaulofreire.edu.ar\/web\/wp-content\/uploads\/2024\/10\/pei.png\" alt=\"\" class=\"wp-image-631\" style=\"width:135px;height:auto\" srcset=\"https:\/\/ipespaulofreire.edu.ar\/web\/wp-content\/uploads\/2024\/10\/pei.png 4204w, https:\/\/ipespaulofreire.edu.ar\/web\/wp-content\/uploads\/2024\/10\/pei-300x291.png 300w, https:\/\/ipespaulofreire.edu.ar\/web\/wp-content\/uploads\/2024\/10\/pei-1024x994.png 1024w, https:\/\/ipespaulofreire.edu.ar\/web\/wp-content\/uploads\/2024\/10\/pei-768x745.png 768w, https:\/\/ipespaulofreire.edu.ar\/web\/wp-content\/uploads\/2024\/10\/pei-1536x1491.png 1536w, https:\/\/ipespaulofreire.edu.ar\/web\/wp-content\/uploads\/2024\/10\/pei-2048x1988.png 2048w\" sizes=\"auto, (max-width: 4204px) 100vw, 4204px\" \/><\/figure>\n\n\n\n<p class=\"has-text-align-center\"><strong>Profesorado de Educaci\u00f3n Inicial<\/strong><\/p>\n\n\n\n<p class=\"has-text-align-center\"><a href=\"https:\/\/drive.google.com\/file\/d\/1MzqbBHS6_BPkado8omuFPZ0O0stcGt1f\/view?usp=sharing\">Dise\u00f1o curricular (2014)<\/a><\/p>\n\n\n\n<p class=\"has-text-align-center\"><a href=\"https:\/\/drive.google.com\/file\/d\/1r_vDzHvgP4wDL_Vsf6i7UYRKShHUPaGA\/view?usp=sharing\">Plan de estudios (2014)<\/a><\/p>\n\n\n\n<p class=\"has-text-align-center\"><a href=\"https:\/\/ipespaulofreire.edu.ar\/web\/profesorado-de-educacion-inicial\/\"><em>Obtener m\u00e1s informaci\u00f3n&#8230;<\/em><\/a><\/p>\n<\/div>\n\n\n\n<div class=\"wp-block-column is-vertically-aligned-top is-layout-flow wp-block-column-is-layout-flow\">\n<figure class=\"wp-block-image aligncenter size-full is-resized\"><img loading=\"lazy\" decoding=\"async\" width=\"3632\" height=\"3526\" src=\"https:\/\/ipespaulofreire.edu.ar\/web\/wp-content\/uploads\/2024\/10\/pep.png\" alt=\"\" class=\"wp-image-632\" style=\"width:135px;height:auto\" srcset=\"https:\/\/ipespaulofreire.edu.ar\/web\/wp-content\/uploads\/2024\/10\/pep.png 3632w, https:\/\/ipespaulofreire.edu.ar\/web\/wp-content\/uploads\/2024\/10\/pep-300x291.png 300w, https:\/\/ipespaulofreire.edu.ar\/web\/wp-content\/uploads\/2024\/10\/pep-1024x994.png 1024w, https:\/\/ipespaulofreire.edu.ar\/web\/wp-content\/uploads\/2024\/10\/pep-768x746.png 768w, https:\/\/ipespaulofreire.edu.ar\/web\/wp-content\/uploads\/2024\/10\/pep-1536x1491.png 1536w, https:\/\/ipespaulofreire.edu.ar\/web\/wp-content\/uploads\/2024\/10\/pep-2048x1988.png 2048w\" sizes=\"auto, (max-width: 3632px) 100vw, 3632px\" \/><\/figure>\n\n\n\n<p class=\"has-text-align-center\"><strong>Profesorado de Educaci\u00f3n Primaria<\/strong><\/p>\n\n\n\n<p class=\"has-text-align-center\"><a href=\"https:\/\/drive.google.com\/file\/d\/1ua7lvGXy6OaN7S8LV6F8ydFIZBogjGyP\/view?usp=sharing\">Dise\u00f1o curricular (cohorte 2015)<\/a><\/p>\n\n\n\n<p class=\"has-text-align-center\"><a href=\"https:\/\/drive.google.com\/file\/d\/1spyz-BF2ZMwY51w61DdI_A0scSyNWs3h\/view?usp=sharing\">Plan de estudios (2015)<\/a><\/p>\n\n\n\n<p class=\"has-text-align-center\"><a href=\"https:\/\/ipespaulofreire.edu.ar\/web\/profesorado-de-educacion-primaria\/\"><em>Obtener m\u00e1s informaci\u00f3n\u2026<\/em><\/a><\/p>\n<\/div>\n<\/div>\n\n\n\n<div style=\"height:56px\" aria-hidden=\"true\" class=\"wp-block-spacer\"><\/div>\n\n\n\n<div class=\"wp-block-columns is-layout-flex wp-container-core-columns-is-layout-28f84493 wp-block-columns-is-layout-flex\">\n<div class=\"wp-block-column is-layout-flow wp-block-column-is-layout-flow\">\n<figure class=\"wp-block-image aligncenter size-full is-resized\"><img loading=\"lazy\" decoding=\"async\" width=\"3421\" height=\"3320\" src=\"https:\/\/ipespaulofreire.edu.ar\/web\/wp-content\/uploads\/2024\/10\/pee.png\" alt=\"\" class=\"wp-image-630\" style=\"width:135px\" srcset=\"https:\/\/ipespaulofreire.edu.ar\/web\/wp-content\/uploads\/2024\/10\/pee.png 3421w, https:\/\/ipespaulofreire.edu.ar\/web\/wp-content\/uploads\/2024\/10\/pee-300x291.png 300w, https:\/\/ipespaulofreire.edu.ar\/web\/wp-content\/uploads\/2024\/10\/pee-1024x994.png 1024w, https:\/\/ipespaulofreire.edu.ar\/web\/wp-content\/uploads\/2024\/10\/pee-768x745.png 768w, https:\/\/ipespaulofreire.edu.ar\/web\/wp-content\/uploads\/2024\/10\/pee-1536x1491.png 1536w, https:\/\/ipespaulofreire.edu.ar\/web\/wp-content\/uploads\/2024\/10\/pee-2048x1988.png 2048w\" sizes=\"auto, (max-width: 3421px) 100vw, 3421px\" \/><\/figure>\n\n\n\n<p class=\"has-text-align-center\"><strong>Profesorado de Educaci\u00f3n Especial con Orientaci\u00f3n en Discapacidad Intelectual<\/strong><\/p>\n\n\n\n<p class=\"has-text-align-center\"><a href=\"https:\/\/drive.google.com\/file\/d\/12nZFdMoxJdQUx4eXUkIDAP5brGeyu-Av\/view?usp=sharing\">Dise\u00f1o curricular (2020)<\/a><\/p>\n\n\n\n<p class=\"has-text-align-center\"><a href=\"https:\/\/drive.google.com\/file\/d\/1Of_bs01En5boFkM2vn7bNLzBgQfocF6J\/view?usp=sharing\">Plan de estudios (2020)<\/a><\/p>\n\n\n\n<p class=\"has-text-align-center\"><a href=\"https:\/\/ipespaulofreire.edu.ar\/web\/profesorado-de-educacion-especial\/\"><em>Obtener m\u00e1s informaci\u00f3n\u2026<\/em><\/a><\/p>\n<\/div>\n\n\n\n<div class=\"wp-block-column is-layout-flow wp-block-column-is-layout-flow\">\n<figure class=\"wp-block-image aligncenter size-full is-resized\"><img loading=\"lazy\" decoding=\"async\" width=\"3170\" height=\"3077\" src=\"https:\/\/ipespaulofreire.edu.ar\/web\/wp-content\/uploads\/2024\/10\/bio.png\" alt=\"\" class=\"wp-image-624\" style=\"width:135px\" srcset=\"https:\/\/ipespaulofreire.edu.ar\/web\/wp-content\/uploads\/2024\/10\/bio.png 3170w, https:\/\/ipespaulofreire.edu.ar\/web\/wp-content\/uploads\/2024\/10\/bio-300x291.png 300w, https:\/\/ipespaulofreire.edu.ar\/web\/wp-content\/uploads\/2024\/10\/bio-1024x994.png 1024w, https:\/\/ipespaulofreire.edu.ar\/web\/wp-content\/uploads\/2024\/10\/bio-768x745.png 768w, https:\/\/ipespaulofreire.edu.ar\/web\/wp-content\/uploads\/2024\/10\/bio-1536x1491.png 1536w, https:\/\/ipespaulofreire.edu.ar\/web\/wp-content\/uploads\/2024\/10\/bio-2048x1988.png 2048w\" sizes=\"auto, (max-width: 3170px) 100vw, 3170px\" \/><\/figure>\n\n\n\n<p class=\"has-text-align-center\"><strong>Profesorado de Educaci\u00f3n Secundaria en Biolog\u00eda<\/strong><\/p>\n\n\n\n<p class=\"has-text-align-center\"><a href=\"https:\/\/drive.google.com\/file\/d\/1pUgUb3EGwvt7_zjtaW66UBQzfJx_kAkW\/view?usp=sharing\">Dise\u00f1o curricular (2012)<\/a><\/p>\n\n\n\n<p class=\"has-text-align-center\"><a href=\"https:\/\/drive.google.com\/file\/d\/1KJbXetmaCK9EO2T_rrW4wW7vz7DnLN1N\/view?usp=sharing\">Plan de estudios (2012)<\/a><\/p>\n\n\n\n<p class=\"has-text-align-center\"><a href=\"https:\/\/ipespaulofreire.edu.ar\/web\/profesorado-de-educacion-secundaria-en-biologia\/\"><em>Obtener m\u00e1s informaci\u00f3n\u2026<\/em><\/a><\/p>\n<\/div>\n<\/div>\n\n\n\n<div style=\"height:56px\" aria-hidden=\"true\" class=\"wp-block-spacer\"><\/div>\n\n\n\n<div class=\"wp-block-columns is-layout-flex wp-container-core-columns-is-layout-28f84493 wp-block-columns-is-layout-flex\">\n<div class=\"wp-block-column is-layout-flow wp-block-column-is-layout-flow\">\n<figure class=\"wp-block-image aligncenter size-full is-resized\"><img loading=\"lazy\" decoding=\"async\" width=\"3580\" height=\"3474\" src=\"https:\/\/ipespaulofreire.edu.ar\/web\/wp-content\/uploads\/2024\/10\/geo.png\" alt=\"\" class=\"wp-image-626\" style=\"width:135px\" srcset=\"https:\/\/ipespaulofreire.edu.ar\/web\/wp-content\/uploads\/2024\/10\/geo.png 3580w, https:\/\/ipespaulofreire.edu.ar\/web\/wp-content\/uploads\/2024\/10\/geo-300x291.png 300w, https:\/\/ipespaulofreire.edu.ar\/web\/wp-content\/uploads\/2024\/10\/geo-1024x994.png 1024w, https:\/\/ipespaulofreire.edu.ar\/web\/wp-content\/uploads\/2024\/10\/geo-768x745.png 768w, https:\/\/ipespaulofreire.edu.ar\/web\/wp-content\/uploads\/2024\/10\/geo-1536x1491.png 1536w, https:\/\/ipespaulofreire.edu.ar\/web\/wp-content\/uploads\/2024\/10\/geo-2048x1987.png 2048w\" sizes=\"auto, (max-width: 3580px) 100vw, 3580px\" \/><\/figure>\n\n\n\n<p class=\"has-text-align-center\"><strong>Profesorado de Educaci\u00f3n Secundaria en Geograf\u00eda<\/strong><\/p>\n\n\n\n<p class=\"has-text-align-center\"><a href=\"https:\/\/drive.google.com\/file\/d\/1FKSYhYJ3y9J01fLMz8N0QWG29EN1BuWP\/view?usp=sharing\">Dise\u00f1o curricular<\/a><\/p>\n\n\n\n<p class=\"has-text-align-center\"><a href=\"https:\/\/drive.google.com\/file\/d\/17FzN3tDDAbgZVQkjboPGdBizfmvyrhtg\/view?usp=sharing\">Plan de estudios<\/a><\/p>\n\n\n\n<p class=\"has-text-align-center\"><a href=\"https:\/\/ipespaulofreire.edu.ar\/web\/profesorado-de-educacion-secundaria-en-geografia\/\"><em>Obtener m\u00e1s informaci\u00f3n\u2026<\/em><\/a><\/p>\n<\/div>\n\n\n\n<div class=\"wp-block-column is-layout-flow wp-block-column-is-layout-flow\">\n<figure class=\"wp-block-image aligncenter size-full is-resized\"><img loading=\"lazy\" decoding=\"async\" width=\"3809\" height=\"3697\" src=\"https:\/\/ipespaulofreire.edu.ar\/web\/wp-content\/uploads\/2024\/10\/his.png\" alt=\"\" class=\"wp-image-627\" style=\"width:135px\" srcset=\"https:\/\/ipespaulofreire.edu.ar\/web\/wp-content\/uploads\/2024\/10\/his.png 3809w, https:\/\/ipespaulofreire.edu.ar\/web\/wp-content\/uploads\/2024\/10\/his-300x291.png 300w, https:\/\/ipespaulofreire.edu.ar\/web\/wp-content\/uploads\/2024\/10\/his-1024x994.png 1024w, https:\/\/ipespaulofreire.edu.ar\/web\/wp-content\/uploads\/2024\/10\/his-768x745.png 768w, https:\/\/ipespaulofreire.edu.ar\/web\/wp-content\/uploads\/2024\/10\/his-1536x1491.png 1536w, https:\/\/ipespaulofreire.edu.ar\/web\/wp-content\/uploads\/2024\/10\/his-2048x1988.png 2048w\" sizes=\"auto, (max-width: 3809px) 100vw, 3809px\" \/><\/figure>\n\n\n\n<p class=\"has-text-align-center\"><strong>Profesorado de Educaci\u00f3n Secundaria en Historia<\/strong><\/p>\n\n\n\n<p class=\"has-text-align-center\"><a href=\"https:\/\/drive.google.com\/file\/d\/1QMTQ8hfcvviFgv__zBHnictn43zDS36K\/view?usp=sharing\">Dise\u00f1o curricular (2015)<\/a><\/p>\n\n\n\n<p class=\"has-text-align-center\"><a href=\"https:\/\/drive.google.com\/file\/d\/1wY3wY5NxCTRomROXfh3hflByj6Dcz65G\/view?usp=sharing\">Plan de estudios (2015)<\/a><\/p>\n\n\n\n<p class=\"has-text-align-center\"><a href=\"https:\/\/ipespaulofreire.edu.ar\/web\/profesorado-de-educacion-secundaria-en-historia\/\"><em>Obtener m\u00e1s informaci\u00f3n\u2026<\/em><\/a><\/p>\n<\/div>\n<\/div>\n\n\n\n<div style=\"height:56px\" aria-hidden=\"true\" class=\"wp-block-spacer\"><\/div>\n\n\n\n<div class=\"wp-block-columns is-layout-flex wp-container-core-columns-is-layout-28f84493 wp-block-columns-is-layout-flex\">\n<div class=\"wp-block-column is-layout-flow wp-block-column-is-layout-flow\">\n<figure class=\"wp-block-image aligncenter size-full is-resized\"><img loading=\"lazy\" decoding=\"async\" width=\"4691\" height=\"4554\" src=\"https:\/\/ipespaulofreire.edu.ar\/web\/wp-content\/uploads\/2024\/10\/cd.png\" alt=\"\" class=\"wp-image-625\" style=\"width:135px\" srcset=\"https:\/\/ipespaulofreire.edu.ar\/web\/wp-content\/uploads\/2024\/10\/cd.png 4691w, https:\/\/ipespaulofreire.edu.ar\/web\/wp-content\/uploads\/2024\/10\/cd-300x291.png 300w, https:\/\/ipespaulofreire.edu.ar\/web\/wp-content\/uploads\/2024\/10\/cd-1024x994.png 1024w, https:\/\/ipespaulofreire.edu.ar\/web\/wp-content\/uploads\/2024\/10\/cd-768x746.png 768w, https:\/\/ipespaulofreire.edu.ar\/web\/wp-content\/uploads\/2024\/10\/cd-1536x1491.png 1536w, https:\/\/ipespaulofreire.edu.ar\/web\/wp-content\/uploads\/2024\/10\/cd-2048x1988.png 2048w\" sizes=\"auto, (max-width: 4691px) 100vw, 4691px\" \/><\/figure>\n\n\n\n<p class=\"has-text-align-center\"><strong>Certificaci\u00f3n Docente para la Educaci\u00f3n Secundaria<\/strong><\/p>\n\n\n\n<p class=\"has-text-align-center\"><a href=\"https:\/\/drive.google.com\/file\/d\/1hJ1Dhtn6ZMkxL4OulCuCwD5NaXecx2AX\/view?usp=sharing\">Dise\u00f1o curricular (2021)<\/a><\/p>\n\n\n\n<p class=\"has-text-align-center\"><a href=\"https:\/\/drive.google.com\/file\/d\/1MbO1_LEv0HQzWIoGYijQYARWT2fvgkC0\/view?usp=sharing\">Plan de estudios (2021)<\/a><\/p>\n\n\n\n<p class=\"has-text-align-center\"><a href=\"https:\/\/ipespaulofreire.edu.ar\/web\/certificacion-docente\/\"><em>Obtener m\u00e1s informaci\u00f3n\u2026<\/em><\/a><\/p>\n<\/div>\n\n\n\n<div class=\"wp-block-column is-layout-flow wp-block-column-is-layout-flow\">\n<figure class=\"wp-block-image aligncenter size-full is-resized\"><img loading=\"lazy\" decoding=\"async\" width=\"1874\" height=\"1819\" src=\"https:\/\/ipespaulofreire.edu.ar\/web\/wp-content\/uploads\/2024\/10\/LogoLyL.png\" alt=\"\" class=\"wp-image-628\" style=\"width:135px\" srcset=\"https:\/\/ipespaulofreire.edu.ar\/web\/wp-content\/uploads\/2024\/10\/LogoLyL.png 1874w, https:\/\/ipespaulofreire.edu.ar\/web\/wp-content\/uploads\/2024\/10\/LogoLyL-300x291.png 300w, https:\/\/ipespaulofreire.edu.ar\/web\/wp-content\/uploads\/2024\/10\/LogoLyL-1024x994.png 1024w, https:\/\/ipespaulofreire.edu.ar\/web\/wp-content\/uploads\/2024\/10\/LogoLyL-768x745.png 768w, https:\/\/ipespaulofreire.edu.ar\/web\/wp-content\/uploads\/2024\/10\/LogoLyL-1536x1491.png 1536w\" sizes=\"auto, (max-width: 1874px) 100vw, 1874px\" \/><\/figure>\n\n\n\n<p class=\"has-text-align-center\"><strong>Profesorado de Educaci\u00f3n Secundaria en Lengua y Literatura<\/strong><\/p>\n\n\n\n<p class=\"has-text-align-center\"><a href=\"https:\/\/drive.google.com\/file\/d\/16_RZHbk3ssO-sc30YvATY49CF24ODMRZ\/view?usp=sharing\">Dise\u00f1o curricular (2012)<\/a><\/p>\n\n\n\n<p class=\"has-text-align-center\"><a href=\"https:\/\/drive.google.com\/file\/d\/1ZPnXUhkZJLuFpheU6T1p29sB-EgR-kIJ\/view?usp=sharing\">Plan de estudios (2012)<\/a><\/p>\n\n\n\n<p class=\"has-text-align-center\"><a href=\"https:\/\/ipespaulofreire.edu.ar\/web\/profesorado-de-educacion-secundaria-en-lengua-y-literatura\/\"><em>Obtener m\u00e1s informaci\u00f3n\u2026<\/em><\/a><\/p>\n<\/div>\n<\/div>\n\n\n\n<div style=\"height:56px\" aria-hidden=\"true\" class=\"wp-block-spacer\"><\/div>\n\n\n\n<div class=\"wp-block-columns is-layout-flex wp-container-core-columns-is-layout-28f84493 wp-block-columns-is-layout-flex\">\n<div class=\"wp-block-column is-layout-flow wp-block-column-is-layout-flow\">\n<figure class=\"wp-block-image aligncenter size-full is-resized\"><img loading=\"lazy\" decoding=\"async\" width=\"3580\" height=\"3474\" src=\"https:\/\/ipespaulofreire.edu.ar\/web\/wp-content\/uploads\/2024\/10\/mat.png\" alt=\"\" class=\"wp-image-629\" style=\"width:135px\" srcset=\"https:\/\/ipespaulofreire.edu.ar\/web\/wp-content\/uploads\/2024\/10\/mat.png 3580w, https:\/\/ipespaulofreire.edu.ar\/web\/wp-content\/uploads\/2024\/10\/mat-300x291.png 300w, https:\/\/ipespaulofreire.edu.ar\/web\/wp-content\/uploads\/2024\/10\/mat-1024x994.png 1024w, https:\/\/ipespaulofreire.edu.ar\/web\/wp-content\/uploads\/2024\/10\/mat-768x745.png 768w, https:\/\/ipespaulofreire.edu.ar\/web\/wp-content\/uploads\/2024\/10\/mat-1536x1491.png 1536w, https:\/\/ipespaulofreire.edu.ar\/web\/wp-content\/uploads\/2024\/10\/mat-2048x1987.png 2048w\" sizes=\"auto, (max-width: 3580px) 100vw, 3580px\" \/><\/figure>\n\n\n\n<p class=\"has-text-align-center\"><strong>Profesorado de Educaci\u00f3n Secundaria en Matem\u00e1tica<\/strong><\/p>\n\n\n\n<p class=\"has-text-align-center\"><a href=\"https:\/\/drive.google.com\/file\/d\/1ZVudNOkTa_kAa3RkWqiniZezUaa7bLFS\/view?usp=sharing\">Dise\u00f1o curricular (2013)<\/a><\/p>\n\n\n\n<p class=\"has-text-align-center\"><a href=\"https:\/\/drive.google.com\/file\/d\/1zvBMPo2AZ6HRkk07rzwiIaUrMDVntTiz\/view?usp=sharing\">Plan de estudios (2013)<\/a><\/p>\n\n\n\n<p class=\"has-text-align-center\"><a href=\"https:\/\/ipespaulofreire.edu.ar\/web\/profesorado-de-educacion-secundaria-en-matematica\/\"><em>Obtener m\u00e1s informaci\u00f3n\u2026<\/em><\/a><\/p>\n<\/div>\n\n\n\n<div class=\"wp-block-column is-layout-flow wp-block-column-is-layout-flow\">\n<p class=\"has-text-align-center\"><\/p>\n<\/div>\n<\/div>\n\n\n\n<div style=\"height:56px\" aria-hidden=\"true\" class=\"wp-block-spacer\"><\/div>\n\n\n\n<p><\/p>\n","protected":false},"excerpt":{"rendered":"<p>Profesorado de Educaci\u00f3n Inicial Dise\u00f1o curricular (2014) Plan de estudios (2014) Obtener m\u00e1s informaci\u00f3n&#8230; Profesorado de Educaci\u00f3n Primaria Dise\u00f1o curricular (cohorte 2015) Plan de estudios (2015) Obtener m\u00e1s informaci\u00f3n\u2026 Profesorado de Educaci\u00f3n Especial con Orientaci\u00f3n en Discapacidad Intelectual Dise\u00f1o curricular (2020) Plan de estudios (2020) Obtener m\u00e1s informaci\u00f3n\u2026 Profesorado de Educaci\u00f3n Secundaria en Biolog\u00eda Dise\u00f1o [&hellip;]<\/p>\n","protected":false},"author":1,"featured_media":0,"parent":0,"menu_order":0,"comment_status":"closed","ping_status":"closed","template":"","meta":{"footnotes":""},"class_list":["post-129","page","type-page","status-publish","hentry"],"_links":{"self":[{"href":"https:\/\/ipespaulofreire.edu.ar\/web\/wp-json\/wp\/v2\/pages\/129","targetHints":{"allow":["GET"]}}],"collection":[{"href":"https:\/\/ipespaulofreire.edu.ar\/web\/wp-json\/wp\/v2\/pages"}],"about":[{"href":"https:\/\/ipespaulofreire.edu.ar\/web\/wp-json\/wp\/v2\/types\/page"}],"author":[{"embeddable":true,"href":"https:\/\/ipespaulofreire.edu.ar\/web\/wp-json\/wp\/v2\/users\/1"}],"replies":[{"embeddable":true,"href":"https:\/\/ipespaulofreire.edu.ar\/web\/wp-json\/wp\/v2\/comments?post=129"}],"version-history":[{"count":67,"href":"https:\/\/ipespaulofreire.edu.ar\/web\/wp-json\/wp\/v2\/pages\/129\/revisions"}],"predecessor-version":[{"id":1834,"href":"https:\/\/ipespaulofreire.edu.ar\/web\/wp-json\/wp\/v2\/pages\/129\/revisions\/1834"}],"wp:attachment":[{"href":"https:\/\/ipespaulofreire.edu.ar\/web\/wp-json\/wp\/v2\/media?parent=129"}],"curies":[{"name":"wp","href":"https:\/\/api.w.org\/{rel}","templated":true}]}}