{"id":127,"date":"2024-08-05T19:11:44","date_gmt":"2024-08-05T22:11:44","guid":{"rendered":"https:\/\/www.siebenfamily.com\/?page_id=127"},"modified":"2025-08-07T19:23:04","modified_gmt":"2025-08-07T22:23:04","slug":"investigacion","status":"publish","type":"page","link":"https:\/\/ipespaulofreire.edu.ar\/web\/investigacion\/","title":{"rendered":"Investigaci\u00f3n"},"content":{"rendered":"\n<figure class=\"wp-block-image size-large\"><img decoding=\"async\" src=\"https:\/\/ipespaulofreire.edu.ar\/web\/wp-content\/uploads\/2025\/06\/investigacion-1024x280.png\" alt=\"\"\/><\/figure>\n\n\n\n<div class=\"wp-block-group alignwide post-investigacion has-blue-50-background-color has-background is-layout-flow wp-block-group-is-layout-flow\" style=\"padding-top:2rem;padding-bottom:2rem;\">\n\n\n    <p class=\"has-black-color has-text-color\" style=\"font-size:clamp(0.875rem, 0.875rem + ((1vw - 0.2rem) * 0.36), 1.1rem);\">\n        El Departamento de Investigaci\u00f3n tiene como funci\u00f3n esencial fomentar, coordinar y supervisar acciones de investigaci\u00f3n orientadas a la producci\u00f3n de conocimiento pedag\u00f3gico sobre las pr\u00e1cticas educativas, de ense\u00f1anza y del trabajo docente. Estas acciones est\u00e1n destinadas a la reflexi\u00f3n, la intervenci\u00f3n y el mejoramiento integral del sistema formador y del sistema educativo provincial.\n    <\/p>\n    \n\n    \n    <p class=\"has-black-color has-text-color\" style=\"font-size:clamp(0.875rem, 0.875rem + ((1vw - 0.2rem) * 0.36), 1.1rem);\">\n        El departamento impulsa investigaciones enfocadas en la did\u00e1ctica espec\u00edfica de cada disciplina, buscando proporcionar herramientas que enriquezcan la formaci\u00f3n docente inicial y continua.\n    <\/p>\n    \n\n    \n    <h3 class=\"wp-block-heading\">Acciones del Departamento<\/h3>\n    \n\n    \n    <ul class=\"wp-block-list\">\n        <li>Promueve la participaci\u00f3n de estudiantes y docentes en actividades de investigaci\u00f3n educativa.<\/li>\n        <li>Acompa\u00f1a y asesora en aspectos te\u00f3ricos y metodol\u00f3gicos.<\/li>\n        <li>Realiza seguimiento de las investigaciones en curso.<\/li>\n        <li>Difunde los resultados de manera clara y efectiva.<\/li>\n        <li>Propone dispositivos de seguimiento de trayectorias formativas de estudiantes y egresados.<\/li>\n        <li>Facilita la toma de decisiones institucionales y el dise\u00f1o de dispositivos de acompa\u00f1amiento a los inicios profesionales.<\/li>\n    <\/ul>\n    \n\n<\/div>\n","protected":false},"excerpt":{"rendered":"<p>El Departamento de Investigaci\u00f3n tiene como funci\u00f3n esencial fomentar, coordinar y supervisar acciones de investigaci\u00f3n orientadas a la producci\u00f3n de conocimiento pedag\u00f3gico sobre las pr\u00e1cticas educativas, de ense\u00f1anza y del trabajo docente. Estas acciones est\u00e1n destinadas a la reflexi\u00f3n, la intervenci\u00f3n y el mejoramiento integral del sistema formador y del sistema educativo provincial. El departamento [&hellip;]<\/p>\n","protected":false},"author":1,"featured_media":0,"parent":0,"menu_order":0,"comment_status":"closed","ping_status":"closed","template":"","meta":{"footnotes":""},"class_list":["post-127","page","type-page","status-publish","hentry"],"_links":{"self":[{"href":"https:\/\/ipespaulofreire.edu.ar\/web\/wp-json\/wp\/v2\/pages\/127","targetHints":{"allow":["GET"]}}],"collection":[{"href":"https:\/\/ipespaulofreire.edu.ar\/web\/wp-json\/wp\/v2\/pages"}],"about":[{"href":"https:\/\/ipespaulofreire.edu.ar\/web\/wp-json\/wp\/v2\/types\/page"}],"author":[{"embeddable":true,"href":"https:\/\/ipespaulofreire.edu.ar\/web\/wp-json\/wp\/v2\/users\/1"}],"replies":[{"embeddable":true,"href":"https:\/\/ipespaulofreire.edu.ar\/web\/wp-json\/wp\/v2\/comments?post=127"}],"version-history":[{"count":6,"href":"https:\/\/ipespaulofreire.edu.ar\/web\/wp-json\/wp\/v2\/pages\/127\/revisions"}],"predecessor-version":[{"id":1798,"href":"https:\/\/ipespaulofreire.edu.ar\/web\/wp-json\/wp\/v2\/pages\/127\/revisions\/1798"}],"wp:attachment":[{"href":"https:\/\/ipespaulofreire.edu.ar\/web\/wp-json\/wp\/v2\/media?parent=127"}],"curies":[{"name":"wp","href":"https:\/\/api.w.org\/{rel}","templated":true}]}}