{"id":119,"date":"2024-08-05T19:10:18","date_gmt":"2024-08-05T22:10:18","guid":{"rendered":"https:\/\/www.siebenfamily.com\/?page_id=119"},"modified":"2025-08-07T19:20:40","modified_gmt":"2025-08-07T22:20:40","slug":"formacion-inicial","status":"publish","type":"page","link":"https:\/\/ipespaulofreire.edu.ar\/web\/formacion-inicial\/","title":{"rendered":"Formaci\u00f3n Inicial"},"content":{"rendered":"\n<figure class=\"wp-block-image size-large\"><img decoding=\"async\" src=\"https:\/\/ipespaulofreire.edu.ar\/web\/wp-content\/uploads\/2025\/06\/forminicial-1024x298.png\" alt=\"\"\/><\/figure>\n\n\n\n<div class=\"wp-block-group alignwide post-formacion-inicial has-blue-50-background-color has-background is-layout-flow wp-block-group-is-layout-flow\" style=\"padding-top:2rem;padding-bottom:2rem;\">\n\n    \n    <p class=\"has-black-color has-text-color\" style=\"font-size:clamp(0.875rem, 0.875rem + ((1vw - 0.2rem) * 0.36), 1.1rem);\">\n        El Departamento de Formaci\u00f3n Inicial tiene como misi\u00f3n central organizar, coordinar y promover una formaci\u00f3n docente integral, cr\u00edtica y comprometida con los principios pedag\u00f3gicos y \u00e9ticos que sustentan el I.P.E.S \u201cPaulo Freire\u201d.\n    <\/p>\n    \n\n    \n    <p class=\"has-black-color has-text-color\" style=\"font-size:clamp(0.875rem, 0.875rem + ((1vw - 0.2rem) * 0.36), 1.1rem);\">\n        Este departamento desarrolla sus funciones respetando los lineamientos establecidos en:\n    <\/p>\n    \n\n    \n    <ul class=\"wp-block-list\">\n        <li>Ley de Educaci\u00f3n Nacional (LEN) N\u00b0 26.206.<\/li>\n        <li>Ley de Educaci\u00f3n Superior N\u00b0 25.421.<\/li>\n        <li>Ley Provincial N\u00b0 1018.<\/li>\n        <li>Otros marcos normativos federales y jurisdiccionales vigentes para los Institutos de Formaci\u00f3n Docente.<\/li>\n    <\/ul>\n    \n\n    \n    <h3 class=\"wp-block-heading\">Funciones principales<\/h3>\n    \n\n    \n    <ul class=\"wp-block-list\">\n        <li>Coordinaci\u00f3n y supervisi\u00f3n de la ense\u00f1anza en las carreras de profesorado.<\/li>\n        <li>Vinculaci\u00f3n con las Coordinaciones de Carrera para el desarrollo articulado de actividades acad\u00e9micas.<\/li>\n        <li>Organizaci\u00f3n de horarios acad\u00e9micos.<\/li>\n        <li>An\u00e1lisis y evaluaci\u00f3n de proyectos e informes de c\u00e1tedra.<\/li>\n        <li>Asesoramiento para el fortalecimiento curricular.<\/li>\n    <\/ul>\n    \n\n    \n    <h3 class=\"wp-block-heading\">Acompa\u00f1amiento a equipos docentes<\/h3>\n    \n\n    \n    <ul class=\"wp-block-list\">\n        <li>Orientaci\u00f3n pedag\u00f3gica y did\u00e1ctica continua.<\/li>\n        <li>Promoci\u00f3n de espacios de reflexi\u00f3n colectiva.<\/li>\n        <li>Fomento del trabajo colaborativo.<\/li>\n        <li>Impulso a la innovaci\u00f3n educativa.<\/li>\n        <li>Apoyo al desarrollo profesional docente.<\/li>\n    <\/ul>\n    \n\n    \n    <p class=\"has-black-color has-text-color\" style=\"font-size:clamp(0.875rem, 0.875rem + ((1vw - 0.2rem) * 0.36), 1.1rem);\">\n        El Departamento de Formaci\u00f3n Inicial trabaja en estrecha articulaci\u00f3n vertical y horizontal con Rector\u00eda, Secretar\u00eda Acad\u00e9mica, y los Departamentos de Asuntos Estudiantiles, Investigaci\u00f3n, Extensi\u00f3n y Desarrollo Profesional Docente.\n    <\/p>\n    \n\n    \n    <p class=\"has-black-color has-text-color\" style=\"font-size:clamp(0.875rem, 0.875rem + ((1vw - 0.2rem) * 0.36), 1.1rem);\">\n        Esta transversalidad permite atender integralmente las diversas dimensiones del proceso formativo, fortaleciendo as\u00ed la coherencia y calidad educativa de la formaci\u00f3n docente inicial.\n    <\/p>\n    \n\n<\/div>\n","protected":false},"excerpt":{"rendered":"<p>El Departamento de Formaci\u00f3n Inicial tiene como misi\u00f3n central organizar, coordinar y promover una formaci\u00f3n docente integral, cr\u00edtica y comprometida con los principios pedag\u00f3gicos y \u00e9ticos que sustentan el I.P.E.S \u201cPaulo Freire\u201d. Este departamento desarrolla sus funciones respetando los lineamientos establecidos en: Ley de Educaci\u00f3n Nacional (LEN) N\u00b0 26.206. Ley de Educaci\u00f3n Superior N\u00b0 25.421. [&hellip;]<\/p>\n","protected":false},"author":1,"featured_media":0,"parent":0,"menu_order":0,"comment_status":"closed","ping_status":"closed","template":"","meta":{"footnotes":""},"class_list":["post-119","page","type-page","status-publish","hentry"],"_links":{"self":[{"href":"https:\/\/ipespaulofreire.edu.ar\/web\/wp-json\/wp\/v2\/pages\/119","targetHints":{"allow":["GET"]}}],"collection":[{"href":"https:\/\/ipespaulofreire.edu.ar\/web\/wp-json\/wp\/v2\/pages"}],"about":[{"href":"https:\/\/ipespaulofreire.edu.ar\/web\/wp-json\/wp\/v2\/types\/page"}],"author":[{"embeddable":true,"href":"https:\/\/ipespaulofreire.edu.ar\/web\/wp-json\/wp\/v2\/users\/1"}],"replies":[{"embeddable":true,"href":"https:\/\/ipespaulofreire.edu.ar\/web\/wp-json\/wp\/v2\/comments?post=119"}],"version-history":[{"count":5,"href":"https:\/\/ipespaulofreire.edu.ar\/web\/wp-json\/wp\/v2\/pages\/119\/revisions"}],"predecessor-version":[{"id":1795,"href":"https:\/\/ipespaulofreire.edu.ar\/web\/wp-json\/wp\/v2\/pages\/119\/revisions\/1795"}],"wp:attachment":[{"href":"https:\/\/ipespaulofreire.edu.ar\/web\/wp-json\/wp\/v2\/media?parent=119"}],"curies":[{"name":"wp","href":"https:\/\/api.w.org\/{rel}","templated":true}]}}