{"id":115,"date":"2024-08-05T19:09:04","date_gmt":"2024-08-05T22:09:04","guid":{"rendered":"https:\/\/www.siebenfamily.com\/?page_id=115"},"modified":"2025-09-19T18:34:10","modified_gmt":"2025-09-19T21:34:10","slug":"autoridades","status":"publish","type":"page","link":"https:\/\/ipespaulofreire.edu.ar\/web\/autoridades\/","title":{"rendered":"Autoridades"},"content":{"rendered":"\n<div style=\"font-family: Arial, sans-serif; max-width: 600px; margin: auto; padding: 20px; box-sizing: border-box; background-color: #f5f5f5; border-radius: 10px;\">\n\n    <div style=\"margin-bottom: 25px;\">\n        <h3 style=\"margin: 0 0 5px; font-weight: bold; font-size: 1.3em; color: #333333;\">Rectora<\/h3>\n        <p style=\"margin: 0; font-size: 1.15em; color: #555555;\">Lic. Olguin Alicia<\/p>\n    <\/div>\n\n    <div style=\"margin-bottom: 25px;\">\n        <h3 style=\"margin: 0 0 5px; font-weight: bold; font-size: 1.3em; color: #333333;\">Vicerrectoras<\/h3>\n        <p style=\"margin: 0; font-size: 1.15em; color: #555555;\">Lic. Carraz\u00e1n M\u00f3nica<\/p>\n        <p style=\"margin: 0; font-size: 1.15em; color: #555555;\">Lic. Carri\u00f3n Cant\u00f3n Eugenia<\/p>\n    <\/div>\n\n    <div style=\"margin-bottom: 25px;\">\n        <h3 style=\"margin: 0 0 5px; font-weight: bold; font-size: 1.3em; color: #333333;\">Secretaria Acad\u00e9mica<\/h3>\n        <p style=\"margin: 0; font-size: 1.15em; color: #555555;\">Prof. Garc\u00eda Ana<\/p>\n    <\/div>\n\n    <div style=\"margin-bottom: 25px;\">\n        <h3 style=\"margin: 0 0 5px; font-weight: bold; font-size: 1.3em; color: #333333;\">Jefe de Formaci\u00f3n Inicial<\/h3>\n        <p style=\"margin: 0; font-size: 1.15em; color: #555555;\">Lic. Soto Vidal Javier<\/p>\n    <\/div>\n\n    <div style=\"margin-bottom: 25px;\">\n        <h3 style=\"margin: 0 0 5px; font-weight: bold; font-size: 1.3em; color: #333333;\">Jefe de Extensi\u00f3n y Desarrollo Profesional Docente<\/h3>\n        <p style=\"margin: 0; font-size: 1.15em; color: #555555;\">Prof. Guardabassi Francisco<\/p>\n    <\/div>\n\n    <div style=\"margin-bottom: 25px;\">\n        <h3 style=\"margin: 0 0 5px; font-weight: bold; font-size: 1.3em; color: #333333;\">Jefe de Investigaci\u00f3n<\/h3>\n        <p style=\"margin: 0; font-size: 1.15em; color: #555555;\">Lic. Anton Alejandro<\/p>\n    <\/div>\n\n    <div style=\"margin-bottom: 0;\">\n        <h3 style=\"margin: 0 0 5px; font-weight: bold; font-size: 1.3em; color: #333333;\">Jefa de Asuntos Estudiantiles<\/h3>\n        <p style=\"margin: 0; font-size: 1.15em; color: #555555;\">Prof. Fern\u00e1ndez Karina<\/p>\n    <\/div>\n\n<\/div>\n","protected":false},"excerpt":{"rendered":"<p>Rectora Lic. Olguin Alicia Vicerrectoras Lic. Carraz\u00e1n M\u00f3nica Lic. Carri\u00f3n Cant\u00f3n Eugenia Secretaria Acad\u00e9mica Prof. Garc\u00eda Ana Jefe de Formaci\u00f3n Inicial Lic. Soto Vidal Javier Jefe de Extensi\u00f3n y Desarrollo Profesional Docente Prof. Guardabassi Francisco Jefe de Investigaci\u00f3n Lic. Anton Alejandro Jefa de Asuntos Estudiantiles Prof. Fern\u00e1ndez Karina<\/p>\n","protected":false},"author":1,"featured_media":0,"parent":0,"menu_order":0,"comment_status":"closed","ping_status":"closed","template":"","meta":{"footnotes":""},"class_list":["post-115","page","type-page","status-publish","hentry"],"_links":{"self":[{"href":"https:\/\/ipespaulofreire.edu.ar\/web\/wp-json\/wp\/v2\/pages\/115","targetHints":{"allow":["GET"]}}],"collection":[{"href":"https:\/\/ipespaulofreire.edu.ar\/web\/wp-json\/wp\/v2\/pages"}],"about":[{"href":"https:\/\/ipespaulofreire.edu.ar\/web\/wp-json\/wp\/v2\/types\/page"}],"author":[{"embeddable":true,"href":"https:\/\/ipespaulofreire.edu.ar\/web\/wp-json\/wp\/v2\/users\/1"}],"replies":[{"embeddable":true,"href":"https:\/\/ipespaulofreire.edu.ar\/web\/wp-json\/wp\/v2\/comments?post=115"}],"version-history":[{"count":4,"href":"https:\/\/ipespaulofreire.edu.ar\/web\/wp-json\/wp\/v2\/pages\/115\/revisions"}],"predecessor-version":[{"id":1952,"href":"https:\/\/ipespaulofreire.edu.ar\/web\/wp-json\/wp\/v2\/pages\/115\/revisions\/1952"}],"wp:attachment":[{"href":"https:\/\/ipespaulofreire.edu.ar\/web\/wp-json\/wp\/v2\/media?parent=115"}],"curies":[{"name":"wp","href":"https:\/\/api.w.org\/{rel}","templated":true}]}}