{"id":113,"date":"2024-08-05T19:08:21","date_gmt":"2024-08-05T22:08:21","guid":{"rendered":"https:\/\/www.siebenfamily.com\/?page_id=113"},"modified":"2025-08-20T18:59:57","modified_gmt":"2025-08-20T21:59:57","slug":"escudo-institucional","status":"publish","type":"page","link":"https:\/\/ipespaulofreire.edu.ar\/web\/escudo-institucional\/","title":{"rendered":"Escudo Institucional"},"content":{"rendered":"\n<figure class=\"wp-block-image aligncenter size-large is-resized\"><img decoding=\"async\" src=\"https:\/\/ipespaulofreire.edu.ar\/web\/wp-content\/uploads\/2024\/06\/xlogoipes.png\" alt=\"\" style=\"width:217px;height:auto\"\/><\/figure>\n\n\n\n<h2>Dise\u00f1o del Escudo Institucional<\/h2>\n\n<p>En <strong>2012<\/strong>, el Instituto Provincial de Educaci\u00f3n Superior, <strong>IPES Paulo Freire<\/strong>, abord\u00f3 un nuevo desaf\u00edo. Para ello, el Departamento de Dise\u00f1o y Programaci\u00f3n del instituto trabaj\u00f3 arduamente en la elaboraci\u00f3n del nuevo escudo, debido a la confusa identidad institucional que pose\u00eda el anterior.<\/p>\n\n<p>A pesar del corto plazo de tiempo, se investig\u00f3, se recab\u00f3 informaci\u00f3n, se bocetaron opciones, se eligieron colores y formas con el equipo de conducci\u00f3n, proponiendo como resultado final se propuso un <strong>Escudo Institucional<\/strong> din\u00e1mico, simple, f\u00e1cil de comprender, de colores agradables a la vista y de tipograf\u00edas legibles. Todo en su conjunto represent\u00f3 as\u00ed el sentido de pertenencia y de homogeneidad que la instituci\u00f3n requer\u00eda.<\/p>\n\n<h3>FORMA<\/h3>\n\n<p>Enmarcado mediante un grueso espesor gris oscuro, el soporte primario delimita, da sentido y contenci\u00f3n a nuestro escudo. A su vez, dentro de \u00e9l flotan dos formas monocrom\u00e1ticas, las cuales son nada m\u00e1s que la proyecci\u00f3n en menor proporci\u00f3n del escudo dividido en dos, simbolizando as\u00ed la forma originaria de las <em>m\u00e1scaras <i>selk\u00b4nam<\/i><\/em>, utilizadas en el ritual <em><i>Hain<\/i><\/em>.<\/p>\n\n<p>Se trabaj\u00f3 cada forma por separado; depositamos en la parte superior de cada una de ellas una iconograf\u00eda representativa y otra primordial de la instituci\u00f3n.<\/p>\n\n<h3>ICONOGRAF\u00cdAS<\/h3>\n\n<ul>\n  <li><strong>Paulo Freire:<\/strong> custodiando desde lo alto y a la derecha, a trav\u00e9s de un cielo estrellado, se destaca el pedagogo en cuyo pensamiento nos inspiramos.<\/li>\n  <li><strong>Columna:<\/strong> representa el pilar de la educaci\u00f3n, la formaci\u00f3n, el saber, caracter\u00edsticas b\u00e1sicas de este instituto.<\/li>\n  <li><strong>Estrellas:<\/strong> se represent\u00f3 a trav\u00e9s de diez estrellas, a las carreras del instituto. Para ello, se tom\u00f3 un fragmento de nuestro cielo (<em>Cruz del Sur, Tres Mar\u00edas, Lucero del Alba<\/em>).<\/li>\n<\/ul>\n\n<h3>COLORES<\/h3>\n\n<p>Se manipularon 3 colores:<\/p>\n\n<ul>\n  <li><strong>Gris oscuro<\/strong> (15%): connotando la neutralidad que delimita a la forma.<\/li>\n  <li><strong>Verde<\/strong> y <strong>Naranja<\/strong> (40% cada uno): con estos colores se busca representar de una manera menos convencional al nombre de nuestra provincia.\n    <ul>\n      <li><strong>Marr\u00f3n<\/strong> \u2192 <em>Verde<\/em>: representando a la \u201cTierra\u201d.<\/li>\n      <li><strong>Rojo<\/strong> \u2192 <em>Naranja<\/em>: figurando al \u201cFuego\u201d.<\/li>\n    <\/ul>\n  <\/li>\n  <li><strong>Blanco<\/strong> (5%): utilizado para dar el efecto de flotar.<\/li>\n<\/ul>\n\n<h3>TIPOGRAF\u00cdA<\/h3>\n\n<p>A trav\u00e9s de fuentes de palo seco, se destaca una tipograf\u00eda principal llamada <strong>Anastasia<\/strong> y otra secundaria de nombre <strong>IrisUPC<\/strong>.<\/p>\n\n<p>Se opt\u00f3 por ellas por la f\u00e1cil legibilidad que poseen tanto a distancia como a escalas peque\u00f1as. En conjunto, ambas tipograf\u00edas generan esa sensaci\u00f3n de elegancia, seriedad y dinamismo:<\/p>\n\n<ul>\n  <li><strong>Anastasia:<\/strong> una fuente <em>Art Nouveau<\/em>, encargada de darle estilo y elegancia a nuestras siglas.<\/li>\n  <li><strong>IrisUPC:<\/strong> se desenvuelve en todo lo dem\u00e1s, aportando un toque pr\u00e1ctico que puede ser formal, informal o ambas a la vez.<\/li>\n<\/ul>\n","protected":false},"excerpt":{"rendered":"<p>Dise\u00f1o del Escudo Institucional En 2012, el Instituto Provincial de Educaci\u00f3n Superior, IPES Paulo Freire, abord\u00f3 un nuevo desaf\u00edo. Para ello, el Departamento de Dise\u00f1o y Programaci\u00f3n del instituto trabaj\u00f3 arduamente en la elaboraci\u00f3n del nuevo escudo, debido a la confusa identidad institucional que pose\u00eda el anterior. A pesar del corto plazo de tiempo, se [&hellip;]<\/p>\n","protected":false},"author":1,"featured_media":0,"parent":0,"menu_order":0,"comment_status":"closed","ping_status":"closed","template":"","meta":{"footnotes":""},"class_list":["post-113","page","type-page","status-publish","hentry"],"_links":{"self":[{"href":"https:\/\/ipespaulofreire.edu.ar\/web\/wp-json\/wp\/v2\/pages\/113","targetHints":{"allow":["GET"]}}],"collection":[{"href":"https:\/\/ipespaulofreire.edu.ar\/web\/wp-json\/wp\/v2\/pages"}],"about":[{"href":"https:\/\/ipespaulofreire.edu.ar\/web\/wp-json\/wp\/v2\/types\/page"}],"author":[{"embeddable":true,"href":"https:\/\/ipespaulofreire.edu.ar\/web\/wp-json\/wp\/v2\/users\/1"}],"replies":[{"embeddable":true,"href":"https:\/\/ipespaulofreire.edu.ar\/web\/wp-json\/wp\/v2\/comments?post=113"}],"version-history":[{"count":13,"href":"https:\/\/ipespaulofreire.edu.ar\/web\/wp-json\/wp\/v2\/pages\/113\/revisions"}],"predecessor-version":[{"id":1874,"href":"https:\/\/ipespaulofreire.edu.ar\/web\/wp-json\/wp\/v2\/pages\/113\/revisions\/1874"}],"wp:attachment":[{"href":"https:\/\/ipespaulofreire.edu.ar\/web\/wp-json\/wp\/v2\/media?parent=113"}],"curies":[{"name":"wp","href":"https:\/\/api.w.org\/{rel}","templated":true}]}}